{"id":270,"date":"2021-04-16T16:37:41","date_gmt":"2021-04-16T14:37:41","guid":{"rendered":"https:\/\/konsum.ch\/?page_id=270"},"modified":"2026-01-09T10:06:48","modified_gmt":"2026-01-09T09:06:48","slug":"magazin","status":"publish","type":"page","link":"https:\/\/konsum.ch\/it\/magazin\/","title":{"rendered":"Magazin"},"content":{"rendered":"<h1>kf-Magazin<\/h1>\n<p>Das Magazin &#8220;konsum.ch&#8221; des Schweizerischen Konsumentenforums erscheint viermal j\u00e4hrlich zeitgleich mit den parlamentarischen Sessionen in Bern und wird an s\u00e4mtliche National- und St\u00e4nder\u00e4te aller Parteien abgegeben. Dar\u00fcber hinaus erhalten alle Mitglieder des Konsumentenforums die Ausgaben per Post zugeschickt. Thematisch bewegt sich das Heft an den Megathemen des kf: Ern\u00e4hrung, Digitalisierung und Gesundheit. Daneben gibt es immer Platz f\u00fcr Aktuelles, Politisches, konsumerelevante Informationen&#8230; und auch ein bisschen Gossip!<\/p>\n","protected":false},"excerpt":{"rendered":"<p>kf-Magazin Das Magazin &#8220;konsum.ch&#8221; des Schweizerischen Konsumentenforums erscheint viermal j\u00e4hrlich zeitgleich mit den parlamentarischen Sessionen in Bern und wird an s\u00e4mtliche National- und St\u00e4nder\u00e4te aller Parteien abgegeben. Dar\u00fcber hinaus erhalten alle Mitglieder des Konsumentenforums die Ausgaben per Post zugeschickt. Thematisch bewegt sich das Heft an den Megathemen des kf: Ern\u00e4hrung, Digitalisierung und Gesundheit. Daneben gibt [&hellip;]<\/p>\n","protected":false},"author":15,"featured_media":0,"parent":0,"menu_order":0,"comment_status":"closed","ping_status":"closed","template":"","meta":{"_acf_changed":false,"footnotes":""},"class_list":["post-270","page","type-page","status-publish","hentry"],"acf":[],"yoast_head":"<!-- This site is optimized with the Yoast SEO plugin v27.4 - https:\/\/yoast.com\/product\/yoast-seo-wordpress\/ -->\n<title>Magazin &#8211; Konsumentenforum<\/title>\n<meta name=\"robots\" content=\"index, follow, max-snippet:-1, max-image-preview:large, max-video-preview:-1\" \/>\n<link rel=\"canonical\" href=\"https:\/\/konsum.ch\/it\/magazin\/\" \/>\n<meta property=\"og:locale\" content=\"it_IT\" \/>\n<meta property=\"og:type\" content=\"article\" \/>\n<meta property=\"og:title\" content=\"Magazin &#8211; Konsumentenforum\" \/>\n<meta property=\"og:description\" content=\"kf-Magazin Das Magazin &#8220;konsum.ch&#8221; des Schweizerischen Konsumentenforums erscheint viermal j\u00e4hrlich zeitgleich mit den parlamentarischen Sessionen in Bern und wird an s\u00e4mtliche National- und St\u00e4nder\u00e4te aller Parteien abgegeben. Dar\u00fcber hinaus erhalten alle Mitglieder des Konsumentenforums die Ausgaben per Post zugeschickt. Thematisch bewegt sich das Heft an den Megathemen des kf: Ern\u00e4hrung, Digitalisierung und Gesundheit. Daneben gibt [&hellip;]\" \/>\n<meta property=\"og:url\" content=\"https:\/\/konsum.ch\/it\/magazin\/\" \/>\n<meta property=\"og:site_name\" content=\"Konsumentenforum\" \/>\n<meta property=\"article:modified_time\" content=\"2026-01-09T09:06:48+00:00\" \/>\n<meta name=\"twitter:card\" content=\"summary_large_image\" \/>\n<meta name=\"twitter:label1\" content=\"Tempo di lettura stimato\" \/>\n\t<meta name=\"twitter:data1\" content=\"2 minuti\" \/>\n<script type=\"application\/ld+json\" class=\"yoast-schema-graph\">{\"@context\":\"https:\\\/\\\/schema.org\",\"@graph\":[{\"@type\":\"WebPage\",\"@id\":\"https:\\\/\\\/konsum.ch\\\/it\\\/magazin\\\/\",\"url\":\"https:\\\/\\\/konsum.ch\\\/it\\\/magazin\\\/\",\"name\":\"Magazin &#8211; Konsumentenforum\",\"isPartOf\":{\"@id\":\"https:\\\/\\\/konsum.ch\\\/it\\\/#website\"},\"datePublished\":\"2021-04-16T14:37:41+00:00\",\"dateModified\":\"2026-01-09T09:06:48+00:00\",\"breadcrumb\":{\"@id\":\"https:\\\/\\\/konsum.ch\\\/it\\\/magazin\\\/#breadcrumb\"},\"inLanguage\":\"it-IT\",\"potentialAction\":[{\"@type\":\"ReadAction\",\"target\":[\"https:\\\/\\\/konsum.ch\\\/it\\\/magazin\\\/\"]}]},{\"@type\":\"BreadcrumbList\",\"@id\":\"https:\\\/\\\/konsum.ch\\\/it\\\/magazin\\\/#breadcrumb\",\"itemListElement\":[{\"@type\":\"ListItem\",\"position\":1,\"name\":\"Startseite\",\"item\":\"https:\\\/\\\/konsum.ch\\\/it\\\/\"},{\"@type\":\"ListItem\",\"position\":2,\"name\":\"Magazin\"}]},{\"@type\":\"WebSite\",\"@id\":\"https:\\\/\\\/konsum.ch\\\/it\\\/#website\",\"url\":\"https:\\\/\\\/konsum.ch\\\/it\\\/\",\"name\":\"Konsumentenforum\",\"description\":\"\",\"publisher\":{\"@id\":\"https:\\\/\\\/konsum.ch\\\/it\\\/#organization\"},\"potentialAction\":[{\"@type\":\"SearchAction\",\"target\":{\"@type\":\"EntryPoint\",\"urlTemplate\":\"https:\\\/\\\/konsum.ch\\\/it\\\/?s={search_term_string}\"},\"query-input\":{\"@type\":\"PropertyValueSpecification\",\"valueRequired\":true,\"valueName\":\"search_term_string\"}}],\"inLanguage\":\"it-IT\"},{\"@type\":\"Organization\",\"@id\":\"https:\\\/\\\/konsum.ch\\\/it\\\/#organization\",\"name\":\"Konsumentenforum kf\",\"url\":\"https:\\\/\\\/konsum.ch\\\/it\\\/\",\"logo\":{\"@type\":\"ImageObject\",\"inLanguage\":\"it-IT\",\"@id\":\"https:\\\/\\\/konsum.ch\\\/it\\\/#\\\/schema\\\/logo\\\/image\\\/\",\"url\":\"https:\\\/\\\/konsum.ch\\\/wp-content\\\/uploads\\\/2021\\\/04\\\/kf-Logo-NEU-ohneText-01.png\",\"contentUrl\":\"https:\\\/\\\/konsum.ch\\\/wp-content\\\/uploads\\\/2021\\\/04\\\/kf-Logo-NEU-ohneText-01.png\",\"width\":1477,\"height\":1477,\"caption\":\"Konsumentenforum kf\"},\"image\":{\"@id\":\"https:\\\/\\\/konsum.ch\\\/it\\\/#\\\/schema\\\/logo\\\/image\\\/\"}}]}<\/script>\n<!-- \/ Yoast SEO plugin. -->","yoast_head_json":{"title":"Magazin &#8211; Konsumentenforum","robots":{"index":"index","follow":"follow","max-snippet":"max-snippet:-1","max-image-preview":"max-image-preview:large","max-video-preview":"max-video-preview:-1"},"canonical":"https:\/\/konsum.ch\/it\/magazin\/","og_locale":"it_IT","og_type":"article","og_title":"Magazin &#8211; Konsumentenforum","og_description":"kf-Magazin Das Magazin &#8220;konsum.ch&#8221; des Schweizerischen Konsumentenforums erscheint viermal j\u00e4hrlich zeitgleich mit den parlamentarischen Sessionen in Bern und wird an s\u00e4mtliche National- und St\u00e4nder\u00e4te aller Parteien abgegeben. Dar\u00fcber hinaus erhalten alle Mitglieder des Konsumentenforums die Ausgaben per Post zugeschickt. Thematisch bewegt sich das Heft an den Megathemen des kf: Ern\u00e4hrung, Digitalisierung und Gesundheit. Daneben gibt [&hellip;]","og_url":"https:\/\/konsum.ch\/it\/magazin\/","og_site_name":"Konsumentenforum","article_modified_time":"2026-01-09T09:06:48+00:00","twitter_card":"summary_large_image","twitter_misc":{"Tempo di lettura stimato":"2 minuti"},"schema":{"@context":"https:\/\/schema.org","@graph":[{"@type":"WebPage","@id":"https:\/\/konsum.ch\/it\/magazin\/","url":"https:\/\/konsum.ch\/it\/magazin\/","name":"Magazin &#8211; Konsumentenforum","isPartOf":{"@id":"https:\/\/konsum.ch\/it\/#website"},"datePublished":"2021-04-16T14:37:41+00:00","dateModified":"2026-01-09T09:06:48+00:00","breadcrumb":{"@id":"https:\/\/konsum.ch\/it\/magazin\/#breadcrumb"},"inLanguage":"it-IT","potentialAction":[{"@type":"ReadAction","target":["https:\/\/konsum.ch\/it\/magazin\/"]}]},{"@type":"BreadcrumbList","@id":"https:\/\/konsum.ch\/it\/magazin\/#breadcrumb","itemListElement":[{"@type":"ListItem","position":1,"name":"Startseite","item":"https:\/\/konsum.ch\/it\/"},{"@type":"ListItem","position":2,"name":"Magazin"}]},{"@type":"WebSite","@id":"https:\/\/konsum.ch\/it\/#website","url":"https:\/\/konsum.ch\/it\/","name":"Konsumentenforum","description":"","publisher":{"@id":"https:\/\/konsum.ch\/it\/#organization"},"potentialAction":[{"@type":"SearchAction","target":{"@type":"EntryPoint","urlTemplate":"https:\/\/konsum.ch\/it\/?s={search_term_string}"},"query-input":{"@type":"PropertyValueSpecification","valueRequired":true,"valueName":"search_term_string"}}],"inLanguage":"it-IT"},{"@type":"Organization","@id":"https:\/\/konsum.ch\/it\/#organization","name":"Konsumentenforum kf","url":"https:\/\/konsum.ch\/it\/","logo":{"@type":"ImageObject","inLanguage":"it-IT","@id":"https:\/\/konsum.ch\/it\/#\/schema\/logo\/image\/","url":"https:\/\/konsum.ch\/wp-content\/uploads\/2021\/04\/kf-Logo-NEU-ohneText-01.png","contentUrl":"https:\/\/konsum.ch\/wp-content\/uploads\/2021\/04\/kf-Logo-NEU-ohneText-01.png","width":1477,"height":1477,"caption":"Konsumentenforum kf"},"image":{"@id":"https:\/\/konsum.ch\/it\/#\/schema\/logo\/image\/"}}]}},"_links":{"self":[{"href":"https:\/\/konsum.ch\/it\/wp-json\/wp\/v2\/pages\/270","targetHints":{"allow":["GET"]}}],"collection":[{"href":"https:\/\/konsum.ch\/it\/wp-json\/wp\/v2\/pages"}],"about":[{"href":"https:\/\/konsum.ch\/it\/wp-json\/wp\/v2\/types\/page"}],"author":[{"embeddable":true,"href":"https:\/\/konsum.ch\/it\/wp-json\/wp\/v2\/users\/15"}],"replies":[{"embeddable":true,"href":"https:\/\/konsum.ch\/it\/wp-json\/wp\/v2\/comments?post=270"}],"version-history":[{"count":73,"href":"https:\/\/konsum.ch\/it\/wp-json\/wp\/v2\/pages\/270\/revisions"}],"predecessor-version":[{"id":146407,"href":"https:\/\/konsum.ch\/it\/wp-json\/wp\/v2\/pages\/270\/revisions\/146407"}],"wp:attachment":[{"href":"https:\/\/konsum.ch\/it\/wp-json\/wp\/v2\/media?parent=270"}],"curies":[{"name":"wp","href":"https:\/\/api.w.org\/{rel}","templated":true}]}}