{"id":12268,"date":"2021-12-08T11:57:02","date_gmt":"2021-12-08T10:57:02","guid":{"rendered":"https:\/\/konsum.ch\/?page_id=12268"},"modified":"2025-10-23T13:45:40","modified_gmt":"2025-10-23T11:45:40","slug":"ombudsstelle-laederach","status":"publish","type":"page","link":"https:\/\/konsum.ch\/it\/ombudsstellen\/ombudsstelle-laederach\/","title":{"rendered":"Ombudsstelle L\u00e4derach"},"content":{"rendered":"<h1>Ombudsstelle L\u00e4derach<\/h1>\n<p>Die Ombudsstelle L\u00e4derach versteht sich als neutrale Vermittlungsinstanz zwischen (ehemaligen) Mitarbeitern und Mitarbeiterinnen sowie Partnern und der L\u00e4derach AG. Auf schlichtender Basis sollen potentielle Konflikte fr\u00fchzeitig erkannt und mit den betroffenen Parteien besprochen werden. Sie dient auch als Ansprechpartnerin f\u00fcr Whistleblower. Sie k\u00f6nnen Informationen \u00fcber begr\u00fcndete Verdachtsmomente, Wissen \u00fcber tats\u00e4chliche oder m\u00f6gliche Verst\u00f6sse sowie \u00fcber Versuche der Verschleierung solcher Verst\u00f6sse, die bereits begangen wurden oder sehr wahrscheinlich erfolgen werden, einreichen. Dar\u00fcber hinaus k\u00f6nnen Sie unethisches oder gegen interne Richtlinien verstossendes Verhalten melden (siehe auch L\u00e4derach-Charta).<\/p>\n","protected":false},"excerpt":{"rendered":"<p>Ombudsstelle L\u00e4derach Die Ombudsstelle L\u00e4derach versteht sich als neutrale Vermittlungsinstanz zwischen (ehemaligen) Mitarbeitern und Mitarbeiterinnen sowie Partnern und der L\u00e4derach AG. Auf schlichtender Basis sollen potentielle Konflikte fr\u00fchzeitig erkannt und mit den betroffenen Parteien besprochen werden. Sie dient auch als Ansprechpartnerin f\u00fcr Whistleblower. Sie k\u00f6nnen Informationen \u00fcber begr\u00fcndete Verdachtsmomente, Wissen \u00fcber tats\u00e4chliche oder m\u00f6gliche Verst\u00f6sse [&hellip;]<\/p>\n","protected":false},"author":4,"featured_media":0,"parent":268,"menu_order":0,"comment_status":"closed","ping_status":"closed","template":"","meta":{"_acf_changed":false,"footnotes":""},"class_list":["post-12268","page","type-page","status-publish","hentry"],"acf":[],"yoast_head":"<!-- This site is optimized with the Yoast SEO plugin v27.4 - https:\/\/yoast.com\/product\/yoast-seo-wordpress\/ -->\n<title>Ombudsstelle L\u00e4derach &#8211; Konsumentenforum<\/title>\n<meta name=\"description\" content=\"Die Ombudsstelle L\u00e4derach versteht sich als neutrale Vermittlungsinstanz zwischen (ehemaligen) Mitarbeitern und Mitarbeiterinnen, gesch\u00e4ftlichen Partnern und der L\u00e4derach AG.\" \/>\n<meta name=\"robots\" content=\"index, follow, max-snippet:-1, max-image-preview:large, max-video-preview:-1\" \/>\n<link rel=\"canonical\" href=\"https:\/\/konsum.ch\/it\/ombudsstellen\/ombudsstelle-laederach\/\" \/>\n<meta property=\"og:locale\" content=\"it_IT\" \/>\n<meta property=\"og:type\" content=\"article\" \/>\n<meta property=\"og:title\" content=\"Ombudsstelle L\u00e4derach &#8211; Konsumentenforum\" \/>\n<meta property=\"og:description\" content=\"Die Ombudsstelle L\u00e4derach versteht sich als neutrale Vermittlungsinstanz zwischen (ehemaligen) Mitarbeitern und Mitarbeiterinnen, gesch\u00e4ftlichen Partnern und der L\u00e4derach AG.\" \/>\n<meta property=\"og:url\" content=\"https:\/\/konsum.ch\/it\/ombudsstellen\/ombudsstelle-laederach\/\" \/>\n<meta property=\"og:site_name\" content=\"Konsumentenforum\" \/>\n<meta property=\"article:modified_time\" content=\"2025-10-23T11:45:40+00:00\" \/>\n<meta name=\"twitter:card\" content=\"summary_large_image\" \/>\n<meta name=\"twitter:label1\" content=\"Tempo di lettura stimato\" \/>\n\t<meta name=\"twitter:data1\" content=\"5 minuti\" \/>\n<script type=\"application\/ld+json\" class=\"yoast-schema-graph\">{\"@context\":\"https:\\\/\\\/schema.org\",\"@graph\":[{\"@type\":\"WebPage\",\"@id\":\"https:\\\/\\\/konsum.ch\\\/it\\\/ombudsstellen\\\/ombudsstelle-laederach\\\/\",\"url\":\"https:\\\/\\\/konsum.ch\\\/it\\\/ombudsstellen\\\/ombudsstelle-laederach\\\/\",\"name\":\"Ombudsstelle L\u00e4derach &#8211; Konsumentenforum\",\"isPartOf\":{\"@id\":\"https:\\\/\\\/konsum.ch\\\/it\\\/#website\"},\"datePublished\":\"2021-12-08T10:57:02+00:00\",\"dateModified\":\"2025-10-23T11:45:40+00:00\",\"description\":\"Die Ombudsstelle L\u00e4derach versteht sich als neutrale Vermittlungsinstanz zwischen (ehemaligen) Mitarbeitern und Mitarbeiterinnen, gesch\u00e4ftlichen Partnern und der L\u00e4derach AG.\",\"breadcrumb\":{\"@id\":\"https:\\\/\\\/konsum.ch\\\/it\\\/ombudsstellen\\\/ombudsstelle-laederach\\\/#breadcrumb\"},\"inLanguage\":\"it-IT\",\"potentialAction\":[{\"@type\":\"ReadAction\",\"target\":[\"https:\\\/\\\/konsum.ch\\\/it\\\/ombudsstellen\\\/ombudsstelle-laederach\\\/\"]}]},{\"@type\":\"BreadcrumbList\",\"@id\":\"https:\\\/\\\/konsum.ch\\\/it\\\/ombudsstellen\\\/ombudsstelle-laederach\\\/#breadcrumb\",\"itemListElement\":[{\"@type\":\"ListItem\",\"position\":1,\"name\":\"Startseite\",\"item\":\"https:\\\/\\\/konsum.ch\\\/it\\\/\"},{\"@type\":\"ListItem\",\"position\":2,\"name\":\"Ombudstellen\\\/Ombudsman\",\"item\":\"https:\\\/\\\/konsum.ch\\\/it\\\/ombudsstellen\\\/\"},{\"@type\":\"ListItem\",\"position\":3,\"name\":\"Ombudsstelle L\u00e4derach\"}]},{\"@type\":\"WebSite\",\"@id\":\"https:\\\/\\\/konsum.ch\\\/it\\\/#website\",\"url\":\"https:\\\/\\\/konsum.ch\\\/it\\\/\",\"name\":\"Konsumentenforum\",\"description\":\"\",\"publisher\":{\"@id\":\"https:\\\/\\\/konsum.ch\\\/it\\\/#organization\"},\"potentialAction\":[{\"@type\":\"SearchAction\",\"target\":{\"@type\":\"EntryPoint\",\"urlTemplate\":\"https:\\\/\\\/konsum.ch\\\/it\\\/?s={search_term_string}\"},\"query-input\":{\"@type\":\"PropertyValueSpecification\",\"valueRequired\":true,\"valueName\":\"search_term_string\"}}],\"inLanguage\":\"it-IT\"},{\"@type\":\"Organization\",\"@id\":\"https:\\\/\\\/konsum.ch\\\/it\\\/#organization\",\"name\":\"Konsumentenforum kf\",\"url\":\"https:\\\/\\\/konsum.ch\\\/it\\\/\",\"logo\":{\"@type\":\"ImageObject\",\"inLanguage\":\"it-IT\",\"@id\":\"https:\\\/\\\/konsum.ch\\\/it\\\/#\\\/schema\\\/logo\\\/image\\\/\",\"url\":\"https:\\\/\\\/konsum.ch\\\/wp-content\\\/uploads\\\/2021\\\/04\\\/kf-Logo-NEU-ohneText-01.png\",\"contentUrl\":\"https:\\\/\\\/konsum.ch\\\/wp-content\\\/uploads\\\/2021\\\/04\\\/kf-Logo-NEU-ohneText-01.png\",\"width\":1477,\"height\":1477,\"caption\":\"Konsumentenforum kf\"},\"image\":{\"@id\":\"https:\\\/\\\/konsum.ch\\\/it\\\/#\\\/schema\\\/logo\\\/image\\\/\"}}]}<\/script>\n<!-- \/ Yoast SEO plugin. -->","yoast_head_json":{"title":"Ombudsstelle L\u00e4derach &#8211; Konsumentenforum","description":"Die Ombudsstelle L\u00e4derach versteht sich als neutrale Vermittlungsinstanz zwischen (ehemaligen) Mitarbeitern und Mitarbeiterinnen, gesch\u00e4ftlichen Partnern und der L\u00e4derach AG.","robots":{"index":"index","follow":"follow","max-snippet":"max-snippet:-1","max-image-preview":"max-image-preview:large","max-video-preview":"max-video-preview:-1"},"canonical":"https:\/\/konsum.ch\/it\/ombudsstellen\/ombudsstelle-laederach\/","og_locale":"it_IT","og_type":"article","og_title":"Ombudsstelle L\u00e4derach &#8211; Konsumentenforum","og_description":"Die Ombudsstelle L\u00e4derach versteht sich als neutrale Vermittlungsinstanz zwischen (ehemaligen) Mitarbeitern und Mitarbeiterinnen, gesch\u00e4ftlichen Partnern und der L\u00e4derach AG.","og_url":"https:\/\/konsum.ch\/it\/ombudsstellen\/ombudsstelle-laederach\/","og_site_name":"Konsumentenforum","article_modified_time":"2025-10-23T11:45:40+00:00","twitter_card":"summary_large_image","twitter_misc":{"Tempo di lettura stimato":"5 minuti"},"schema":{"@context":"https:\/\/schema.org","@graph":[{"@type":"WebPage","@id":"https:\/\/konsum.ch\/it\/ombudsstellen\/ombudsstelle-laederach\/","url":"https:\/\/konsum.ch\/it\/ombudsstellen\/ombudsstelle-laederach\/","name":"Ombudsstelle L\u00e4derach &#8211; Konsumentenforum","isPartOf":{"@id":"https:\/\/konsum.ch\/it\/#website"},"datePublished":"2021-12-08T10:57:02+00:00","dateModified":"2025-10-23T11:45:40+00:00","description":"Die Ombudsstelle L\u00e4derach versteht sich als neutrale Vermittlungsinstanz zwischen (ehemaligen) Mitarbeitern und Mitarbeiterinnen, gesch\u00e4ftlichen Partnern und der L\u00e4derach AG.","breadcrumb":{"@id":"https:\/\/konsum.ch\/it\/ombudsstellen\/ombudsstelle-laederach\/#breadcrumb"},"inLanguage":"it-IT","potentialAction":[{"@type":"ReadAction","target":["https:\/\/konsum.ch\/it\/ombudsstellen\/ombudsstelle-laederach\/"]}]},{"@type":"BreadcrumbList","@id":"https:\/\/konsum.ch\/it\/ombudsstellen\/ombudsstelle-laederach\/#breadcrumb","itemListElement":[{"@type":"ListItem","position":1,"name":"Startseite","item":"https:\/\/konsum.ch\/it\/"},{"@type":"ListItem","position":2,"name":"Ombudstellen\/Ombudsman","item":"https:\/\/konsum.ch\/it\/ombudsstellen\/"},{"@type":"ListItem","position":3,"name":"Ombudsstelle L\u00e4derach"}]},{"@type":"WebSite","@id":"https:\/\/konsum.ch\/it\/#website","url":"https:\/\/konsum.ch\/it\/","name":"Konsumentenforum","description":"","publisher":{"@id":"https:\/\/konsum.ch\/it\/#organization"},"potentialAction":[{"@type":"SearchAction","target":{"@type":"EntryPoint","urlTemplate":"https:\/\/konsum.ch\/it\/?s={search_term_string}"},"query-input":{"@type":"PropertyValueSpecification","valueRequired":true,"valueName":"search_term_string"}}],"inLanguage":"it-IT"},{"@type":"Organization","@id":"https:\/\/konsum.ch\/it\/#organization","name":"Konsumentenforum kf","url":"https:\/\/konsum.ch\/it\/","logo":{"@type":"ImageObject","inLanguage":"it-IT","@id":"https:\/\/konsum.ch\/it\/#\/schema\/logo\/image\/","url":"https:\/\/konsum.ch\/wp-content\/uploads\/2021\/04\/kf-Logo-NEU-ohneText-01.png","contentUrl":"https:\/\/konsum.ch\/wp-content\/uploads\/2021\/04\/kf-Logo-NEU-ohneText-01.png","width":1477,"height":1477,"caption":"Konsumentenforum kf"},"image":{"@id":"https:\/\/konsum.ch\/it\/#\/schema\/logo\/image\/"}}]}},"_links":{"self":[{"href":"https:\/\/konsum.ch\/it\/wp-json\/wp\/v2\/pages\/12268","targetHints":{"allow":["GET"]}}],"collection":[{"href":"https:\/\/konsum.ch\/it\/wp-json\/wp\/v2\/pages"}],"about":[{"href":"https:\/\/konsum.ch\/it\/wp-json\/wp\/v2\/types\/page"}],"author":[{"embeddable":true,"href":"https:\/\/konsum.ch\/it\/wp-json\/wp\/v2\/users\/4"}],"replies":[{"embeddable":true,"href":"https:\/\/konsum.ch\/it\/wp-json\/wp\/v2\/comments?post=12268"}],"version-history":[{"count":23,"href":"https:\/\/konsum.ch\/it\/wp-json\/wp\/v2\/pages\/12268\/revisions"}],"predecessor-version":[{"id":141203,"href":"https:\/\/konsum.ch\/it\/wp-json\/wp\/v2\/pages\/12268\/revisions\/141203"}],"up":[{"embeddable":true,"href":"https:\/\/konsum.ch\/it\/wp-json\/wp\/v2\/pages\/268"}],"wp:attachment":[{"href":"https:\/\/konsum.ch\/it\/wp-json\/wp\/v2\/media?parent=12268"}],"curies":[{"name":"wp","href":"https:\/\/api.w.org\/{rel}","templated":true}]}}