{"id":114417,"date":"2024-03-15T11:22:25","date_gmt":"2024-03-15T10:22:25","guid":{"rendered":"https:\/\/konsum.ch\/ufficio-del-mediatore-immobiliare\/"},"modified":"2024-06-03T11:12:08","modified_gmt":"2024-06-03T09:12:08","slug":"ufficio-del-mediatore-immobiliare","status":"publish","type":"page","link":"https:\/\/konsum.ch\/it\/ufficio-del-mediatore-immobiliare\/","title":{"rendered":"Immobiliare"},"content":{"rendered":"\n<div role=\"navigation\" aria-label=\"Selettore lingua\" class=\"wpml-ls-statics-shortcode_actions wpml-ls wpml-ls-legacy-list-horizontal\">\n\t<ul><li class=\"wpml-ls-slot-shortcode_actions wpml-ls-item wpml-ls-item-de wpml-ls-first-item wpml-ls-item-legacy-list-horizontal\">\n\t\t\t\t<a href=\"https:\/\/konsum.ch\/de\/\" hreflang=\"de\" lang=\"de\" class=\"wpml-ls-link\" aria-label=\"Passa a DE\" title=\"Passa a DE\">\n\t\t\t\t\t                                    <img decoding=\"async\"\n            class=\"wpml-ls-flag\"\n            src=\"https:\/\/konsum.ch\/wp-content\/uploads\/flags\/schweiz.png\"\n            alt=\"\"\n            loading=\"lazy\"\n            width=18\n            height=12\n    \/><span class=\"wpml-ls-native\">DE<\/span><\/a>\n\t\t\t<\/li><li class=\"wpml-ls-slot-shortcode_actions wpml-ls-item wpml-ls-item-fr wpml-ls-item-legacy-list-horizontal\">\n\t\t\t\t<a href=\"https:\/\/konsum.ch\/fr\/\" hreflang=\"fr\" lang=\"fr\" class=\"wpml-ls-link\" aria-label=\"Passa a FR\" title=\"Passa a FR\">\n\t\t\t\t\t                                    <img decoding=\"async\"\n            class=\"wpml-ls-flag\"\n            src=\"https:\/\/konsum.ch\/wp-content\/plugins\/sitepress-multilingual-cms\/res\/flags\/fr.svg\"\n            alt=\"\"\n            loading=\"lazy\"\n            width=18\n            height=12\n    \/><span class=\"wpml-ls-native\">FR<\/span><\/a>\n\t\t\t<\/li><li class=\"wpml-ls-slot-shortcode_actions wpml-ls-item wpml-ls-item-it wpml-ls-current-language wpml-ls-item-legacy-list-horizontal\">\n\t\t\t\t<a href=\"https:\/\/konsum.ch\/it\/\" hreflang=\"it\" lang=\"it\" class=\"wpml-ls-link\" aria-current=\"page\" aria-label=\"Passa a IT\" title=\"Passa a IT\">\n\t\t\t\t\t                                    <img decoding=\"async\"\n            class=\"wpml-ls-flag\"\n            src=\"https:\/\/konsum.ch\/wp-content\/plugins\/sitepress-multilingual-cms\/res\/flags\/it.svg\"\n            alt=\"\"\n            loading=\"lazy\"\n            width=18\n            height=12\n    \/><span class=\"wpml-ls-native\">IT<\/span><\/a>\n\t\t\t<\/li><li class=\"wpml-ls-slot-shortcode_actions wpml-ls-item wpml-ls-item-en wpml-ls-last-item wpml-ls-item-legacy-list-horizontal\">\n\t\t\t\t<a href=\"https:\/\/konsum.ch\/en\/\" hreflang=\"en\" lang=\"en\" class=\"wpml-ls-link\" aria-label=\"Passa a EN\" title=\"Passa a EN\">\n\t\t\t\t\t                                    <img decoding=\"async\"\n            class=\"wpml-ls-flag\"\n            src=\"https:\/\/konsum.ch\/wp-content\/plugins\/sitepress-multilingual-cms\/res\/flags\/en.svg\"\n            alt=\"\"\n            loading=\"lazy\"\n            width=18\n            height=12\n    \/><span class=\"wpml-ls-native\">EN<\/span><\/a>\n\t\t\t<\/li><\/ul>\n<\/div>\n\n<h1>Punto di contatto indipendente RE\/MAX<\/h1>\n<p>L&#8217;ufficio del punto di contatto indipendente RE\/MAX offre una piattaforma neutrale per risolvere i reclami relativi a danni e difetti di RE\/MAX in cui non \u00e8 stato possibile raggiungere un accordo. In qualit\u00e0 di mediatore tra le parti, il nostro ufficio mira a evitare la necessit\u00e0 di azioni legali attraverso una mediazione costruttiva e a trovare una soluzione equa per tutte le parti coinvolte.<\/p>\n","protected":false},"excerpt":{"rendered":"<p>Punto di contatto indipendente RE\/MAX L&#8217;ufficio del punto di contatto indipendente RE\/MAX offre una piattaforma neutrale per risolvere i reclami relativi a danni e difetti di RE\/MAX in cui non \u00e8 stato possibile raggiungere un accordo. In qualit\u00e0 di mediatore tra le parti, il nostro ufficio mira a evitare la necessit\u00e0 di azioni legali attraverso [&hellip;]<\/p>\n","protected":false},"author":13,"featured_media":0,"parent":0,"menu_order":0,"comment_status":"closed","ping_status":"closed","template":"","meta":{"_acf_changed":false,"footnotes":""},"class_list":["post-114417","page","type-page","status-publish","hentry"],"acf":[],"yoast_head":"<!-- This site is optimized with the Yoast SEO plugin v27.4 - https:\/\/yoast.com\/product\/yoast-seo-wordpress\/ -->\n<title>Immobiliare &#8211; Konsumentenforum<\/title>\n<meta name=\"robots\" content=\"index, follow, max-snippet:-1, max-image-preview:large, max-video-preview:-1\" \/>\n<link rel=\"canonical\" href=\"https:\/\/konsum.ch\/it\/ufficio-del-mediatore-immobiliare\/\" \/>\n<meta property=\"og:locale\" content=\"it_IT\" \/>\n<meta property=\"og:type\" content=\"article\" \/>\n<meta property=\"og:title\" content=\"Immobiliare &#8211; Konsumentenforum\" \/>\n<meta property=\"og:description\" content=\"Punto di contatto indipendente RE\/MAX L&#8217;ufficio del punto di contatto indipendente RE\/MAX offre una piattaforma neutrale per risolvere i reclami relativi a danni e difetti di RE\/MAX in cui non \u00e8 stato possibile raggiungere un accordo. In qualit\u00e0 di mediatore tra le parti, il nostro ufficio mira a evitare la necessit\u00e0 di azioni legali attraverso [&hellip;]\" \/>\n<meta property=\"og:url\" content=\"https:\/\/konsum.ch\/it\/ufficio-del-mediatore-immobiliare\/\" \/>\n<meta property=\"og:site_name\" content=\"Konsumentenforum\" \/>\n<meta property=\"article:modified_time\" content=\"2024-06-03T09:12:08+00:00\" \/>\n<meta name=\"twitter:card\" content=\"summary_large_image\" \/>\n<meta name=\"twitter:label1\" content=\"Tempo di lettura stimato\" \/>\n\t<meta name=\"twitter:data1\" content=\"1 minuto\" \/>\n<script type=\"application\/ld+json\" class=\"yoast-schema-graph\">{\"@context\":\"https:\\\/\\\/schema.org\",\"@graph\":[{\"@type\":\"WebPage\",\"@id\":\"https:\\\/\\\/konsum.ch\\\/it\\\/ufficio-del-mediatore-immobiliare\\\/\",\"url\":\"https:\\\/\\\/konsum.ch\\\/it\\\/ufficio-del-mediatore-immobiliare\\\/\",\"name\":\"Immobiliare &#8211; Konsumentenforum\",\"isPartOf\":{\"@id\":\"https:\\\/\\\/konsum.ch\\\/it\\\/#website\"},\"datePublished\":\"2024-03-15T10:22:25+00:00\",\"dateModified\":\"2024-06-03T09:12:08+00:00\",\"breadcrumb\":{\"@id\":\"https:\\\/\\\/konsum.ch\\\/it\\\/ufficio-del-mediatore-immobiliare\\\/#breadcrumb\"},\"inLanguage\":\"it-IT\",\"potentialAction\":[{\"@type\":\"ReadAction\",\"target\":[\"https:\\\/\\\/konsum.ch\\\/it\\\/ufficio-del-mediatore-immobiliare\\\/\"]}]},{\"@type\":\"BreadcrumbList\",\"@id\":\"https:\\\/\\\/konsum.ch\\\/it\\\/ufficio-del-mediatore-immobiliare\\\/#breadcrumb\",\"itemListElement\":[{\"@type\":\"ListItem\",\"position\":1,\"name\":\"Startseite\",\"item\":\"https:\\\/\\\/konsum.ch\\\/it\\\/\"},{\"@type\":\"ListItem\",\"position\":2,\"name\":\"Immobiliare\"}]},{\"@type\":\"WebSite\",\"@id\":\"https:\\\/\\\/konsum.ch\\\/it\\\/#website\",\"url\":\"https:\\\/\\\/konsum.ch\\\/it\\\/\",\"name\":\"Konsumentenforum\",\"description\":\"\",\"publisher\":{\"@id\":\"https:\\\/\\\/konsum.ch\\\/it\\\/#organization\"},\"potentialAction\":[{\"@type\":\"SearchAction\",\"target\":{\"@type\":\"EntryPoint\",\"urlTemplate\":\"https:\\\/\\\/konsum.ch\\\/it\\\/?s={search_term_string}\"},\"query-input\":{\"@type\":\"PropertyValueSpecification\",\"valueRequired\":true,\"valueName\":\"search_term_string\"}}],\"inLanguage\":\"it-IT\"},{\"@type\":\"Organization\",\"@id\":\"https:\\\/\\\/konsum.ch\\\/it\\\/#organization\",\"name\":\"Konsumentenforum kf\",\"url\":\"https:\\\/\\\/konsum.ch\\\/it\\\/\",\"logo\":{\"@type\":\"ImageObject\",\"inLanguage\":\"it-IT\",\"@id\":\"https:\\\/\\\/konsum.ch\\\/it\\\/#\\\/schema\\\/logo\\\/image\\\/\",\"url\":\"https:\\\/\\\/konsum.ch\\\/wp-content\\\/uploads\\\/2021\\\/04\\\/kf-Logo-NEU-ohneText-01.png\",\"contentUrl\":\"https:\\\/\\\/konsum.ch\\\/wp-content\\\/uploads\\\/2021\\\/04\\\/kf-Logo-NEU-ohneText-01.png\",\"width\":1477,\"height\":1477,\"caption\":\"Konsumentenforum kf\"},\"image\":{\"@id\":\"https:\\\/\\\/konsum.ch\\\/it\\\/#\\\/schema\\\/logo\\\/image\\\/\"}}]}<\/script>\n<!-- \/ Yoast SEO plugin. -->","yoast_head_json":{"title":"Immobiliare &#8211; Konsumentenforum","robots":{"index":"index","follow":"follow","max-snippet":"max-snippet:-1","max-image-preview":"max-image-preview:large","max-video-preview":"max-video-preview:-1"},"canonical":"https:\/\/konsum.ch\/it\/ufficio-del-mediatore-immobiliare\/","og_locale":"it_IT","og_type":"article","og_title":"Immobiliare &#8211; Konsumentenforum","og_description":"Punto di contatto indipendente RE\/MAX L&#8217;ufficio del punto di contatto indipendente RE\/MAX offre una piattaforma neutrale per risolvere i reclami relativi a danni e difetti di RE\/MAX in cui non \u00e8 stato possibile raggiungere un accordo. In qualit\u00e0 di mediatore tra le parti, il nostro ufficio mira a evitare la necessit\u00e0 di azioni legali attraverso [&hellip;]","og_url":"https:\/\/konsum.ch\/it\/ufficio-del-mediatore-immobiliare\/","og_site_name":"Konsumentenforum","article_modified_time":"2024-06-03T09:12:08+00:00","twitter_card":"summary_large_image","twitter_misc":{"Tempo di lettura stimato":"1 minuto"},"schema":{"@context":"https:\/\/schema.org","@graph":[{"@type":"WebPage","@id":"https:\/\/konsum.ch\/it\/ufficio-del-mediatore-immobiliare\/","url":"https:\/\/konsum.ch\/it\/ufficio-del-mediatore-immobiliare\/","name":"Immobiliare &#8211; Konsumentenforum","isPartOf":{"@id":"https:\/\/konsum.ch\/it\/#website"},"datePublished":"2024-03-15T10:22:25+00:00","dateModified":"2024-06-03T09:12:08+00:00","breadcrumb":{"@id":"https:\/\/konsum.ch\/it\/ufficio-del-mediatore-immobiliare\/#breadcrumb"},"inLanguage":"it-IT","potentialAction":[{"@type":"ReadAction","target":["https:\/\/konsum.ch\/it\/ufficio-del-mediatore-immobiliare\/"]}]},{"@type":"BreadcrumbList","@id":"https:\/\/konsum.ch\/it\/ufficio-del-mediatore-immobiliare\/#breadcrumb","itemListElement":[{"@type":"ListItem","position":1,"name":"Startseite","item":"https:\/\/konsum.ch\/it\/"},{"@type":"ListItem","position":2,"name":"Immobiliare"}]},{"@type":"WebSite","@id":"https:\/\/konsum.ch\/it\/#website","url":"https:\/\/konsum.ch\/it\/","name":"Konsumentenforum","description":"","publisher":{"@id":"https:\/\/konsum.ch\/it\/#organization"},"potentialAction":[{"@type":"SearchAction","target":{"@type":"EntryPoint","urlTemplate":"https:\/\/konsum.ch\/it\/?s={search_term_string}"},"query-input":{"@type":"PropertyValueSpecification","valueRequired":true,"valueName":"search_term_string"}}],"inLanguage":"it-IT"},{"@type":"Organization","@id":"https:\/\/konsum.ch\/it\/#organization","name":"Konsumentenforum kf","url":"https:\/\/konsum.ch\/it\/","logo":{"@type":"ImageObject","inLanguage":"it-IT","@id":"https:\/\/konsum.ch\/it\/#\/schema\/logo\/image\/","url":"https:\/\/konsum.ch\/wp-content\/uploads\/2021\/04\/kf-Logo-NEU-ohneText-01.png","contentUrl":"https:\/\/konsum.ch\/wp-content\/uploads\/2021\/04\/kf-Logo-NEU-ohneText-01.png","width":1477,"height":1477,"caption":"Konsumentenforum kf"},"image":{"@id":"https:\/\/konsum.ch\/it\/#\/schema\/logo\/image\/"}}]}},"_links":{"self":[{"href":"https:\/\/konsum.ch\/it\/wp-json\/wp\/v2\/pages\/114417","targetHints":{"allow":["GET"]}}],"collection":[{"href":"https:\/\/konsum.ch\/it\/wp-json\/wp\/v2\/pages"}],"about":[{"href":"https:\/\/konsum.ch\/it\/wp-json\/wp\/v2\/types\/page"}],"author":[{"embeddable":true,"href":"https:\/\/konsum.ch\/it\/wp-json\/wp\/v2\/users\/13"}],"replies":[{"embeddable":true,"href":"https:\/\/konsum.ch\/it\/wp-json\/wp\/v2\/comments?post=114417"}],"version-history":[{"count":4,"href":"https:\/\/konsum.ch\/it\/wp-json\/wp\/v2\/pages\/114417\/revisions"}],"predecessor-version":[{"id":114905,"href":"https:\/\/konsum.ch\/it\/wp-json\/wp\/v2\/pages\/114417\/revisions\/114905"}],"wp:attachment":[{"href":"https:\/\/konsum.ch\/it\/wp-json\/wp\/v2\/media?parent=114417"}],"curies":[{"name":"wp","href":"https:\/\/api.w.org\/{rel}","templated":true}]}}