{"id":434,"date":"2021-04-29T11:54:18","date_gmt":"2021-04-29T09:54:18","guid":{"rendered":"https:\/\/konsum.ch\/?page_id=434"},"modified":"2026-02-11T16:15:47","modified_gmt":"2026-02-11T15:15:47","slug":"schweizer-ombudsstellen","status":"publish","type":"page","link":"https:\/\/konsum.ch\/fr\/ombudsstellen\/schweizer-ombudsstellen\/","title":{"rendered":"Schweizer Ombudsstellen"},"content":{"rendered":"<h1>\u00dcbersicht Ombudsstellen Schweiz<\/h1>\n<p>Nachfolgend finden Sie eine (nicht abschliessende) Liste von Ombudsstellen in der Schweiz, an welche Sie sich wenden k\u00f6nnen, wenn Sie einen Streitfall aussergerichtlich l\u00f6sen m\u00f6chten.<\/p>\n","protected":false},"excerpt":{"rendered":"<p>\u00dcbersicht Ombudsstellen Schweiz Nachfolgend finden Sie eine (nicht abschliessende) Liste von Ombudsstellen in der Schweiz, an welche Sie sich wenden k\u00f6nnen, wenn Sie einen Streitfall aussergerichtlich l\u00f6sen m\u00f6chten.<\/p>\n","protected":false},"author":15,"featured_media":0,"parent":268,"menu_order":0,"comment_status":"closed","ping_status":"closed","template":"","meta":{"_acf_changed":false,"footnotes":""},"class_list":["post-434","page","type-page","status-publish","hentry"],"acf":[],"yoast_head":"<!-- This site is optimized with the Yoast SEO plugin v27.4 - https:\/\/yoast.com\/product\/yoast-seo-wordpress\/ -->\n<title>Schweizer Ombudsstellen &#8211; Konsumentenforum<\/title>\n<meta name=\"robots\" content=\"index, follow, max-snippet:-1, max-image-preview:large, max-video-preview:-1\" \/>\n<link rel=\"canonical\" href=\"https:\/\/konsum.ch\/fr\/ombudsstellen\/schweizer-ombudsstellen\/\" \/>\n<meta property=\"og:locale\" content=\"fr_FR\" \/>\n<meta property=\"og:type\" content=\"article\" \/>\n<meta property=\"og:title\" content=\"Schweizer Ombudsstellen &#8211; Konsumentenforum\" \/>\n<meta property=\"og:description\" content=\"\u00dcbersicht Ombudsstellen Schweiz Nachfolgend finden Sie eine (nicht abschliessende) Liste von Ombudsstellen in der Schweiz, an welche Sie sich wenden k\u00f6nnen, wenn Sie einen Streitfall aussergerichtlich l\u00f6sen m\u00f6chten.\" \/>\n<meta property=\"og:url\" content=\"https:\/\/konsum.ch\/fr\/ombudsstellen\/schweizer-ombudsstellen\/\" \/>\n<meta property=\"og:site_name\" content=\"Konsumentenforum\" \/>\n<meta property=\"article:modified_time\" content=\"2026-02-11T15:15:47+00:00\" \/>\n<meta name=\"twitter:card\" content=\"summary_large_image\" \/>\n<meta name=\"twitter:label1\" content=\"Dur\u00e9e de lecture estim\u00e9e\" \/>\n\t<meta name=\"twitter:data1\" content=\"4 minutes\" \/>\n<script type=\"application\/ld+json\" class=\"yoast-schema-graph\">{\"@context\":\"https:\\\/\\\/schema.org\",\"@graph\":[{\"@type\":\"WebPage\",\"@id\":\"https:\\\/\\\/konsum.ch\\\/fr\\\/ombudsstellen\\\/schweizer-ombudsstellen\\\/\",\"url\":\"https:\\\/\\\/konsum.ch\\\/fr\\\/ombudsstellen\\\/schweizer-ombudsstellen\\\/\",\"name\":\"Schweizer Ombudsstellen &#8211; Konsumentenforum\",\"isPartOf\":{\"@id\":\"https:\\\/\\\/konsum.ch\\\/fr\\\/#website\"},\"datePublished\":\"2021-04-29T09:54:18+00:00\",\"dateModified\":\"2026-02-11T15:15:47+00:00\",\"breadcrumb\":{\"@id\":\"https:\\\/\\\/konsum.ch\\\/fr\\\/ombudsstellen\\\/schweizer-ombudsstellen\\\/#breadcrumb\"},\"inLanguage\":\"fr-FR\",\"potentialAction\":[{\"@type\":\"ReadAction\",\"target\":[\"https:\\\/\\\/konsum.ch\\\/fr\\\/ombudsstellen\\\/schweizer-ombudsstellen\\\/\"]}]},{\"@type\":\"BreadcrumbList\",\"@id\":\"https:\\\/\\\/konsum.ch\\\/fr\\\/ombudsstellen\\\/schweizer-ombudsstellen\\\/#breadcrumb\",\"itemListElement\":[{\"@type\":\"ListItem\",\"position\":1,\"name\":\"Startseite\",\"item\":\"https:\\\/\\\/konsum.ch\\\/fr\\\/\"},{\"@type\":\"ListItem\",\"position\":2,\"name\":\"Ombudstellen\\\/Ombudsman\",\"item\":\"https:\\\/\\\/konsum.ch\\\/fr\\\/ombudsstellen\\\/\"},{\"@type\":\"ListItem\",\"position\":3,\"name\":\"Schweizer Ombudsstellen\"}]},{\"@type\":\"WebSite\",\"@id\":\"https:\\\/\\\/konsum.ch\\\/fr\\\/#website\",\"url\":\"https:\\\/\\\/konsum.ch\\\/fr\\\/\",\"name\":\"Konsumentenforum\",\"description\":\"\",\"publisher\":{\"@id\":\"https:\\\/\\\/konsum.ch\\\/fr\\\/#organization\"},\"potentialAction\":[{\"@type\":\"SearchAction\",\"target\":{\"@type\":\"EntryPoint\",\"urlTemplate\":\"https:\\\/\\\/konsum.ch\\\/fr\\\/?s={search_term_string}\"},\"query-input\":{\"@type\":\"PropertyValueSpecification\",\"valueRequired\":true,\"valueName\":\"search_term_string\"}}],\"inLanguage\":\"fr-FR\"},{\"@type\":\"Organization\",\"@id\":\"https:\\\/\\\/konsum.ch\\\/fr\\\/#organization\",\"name\":\"Konsumentenforum kf\",\"url\":\"https:\\\/\\\/konsum.ch\\\/fr\\\/\",\"logo\":{\"@type\":\"ImageObject\",\"inLanguage\":\"fr-FR\",\"@id\":\"https:\\\/\\\/konsum.ch\\\/fr\\\/#\\\/schema\\\/logo\\\/image\\\/\",\"url\":\"https:\\\/\\\/konsum.ch\\\/wp-content\\\/uploads\\\/2021\\\/04\\\/kf-Logo-NEU-ohneText-01.png\",\"contentUrl\":\"https:\\\/\\\/konsum.ch\\\/wp-content\\\/uploads\\\/2021\\\/04\\\/kf-Logo-NEU-ohneText-01.png\",\"width\":1477,\"height\":1477,\"caption\":\"Konsumentenforum kf\"},\"image\":{\"@id\":\"https:\\\/\\\/konsum.ch\\\/fr\\\/#\\\/schema\\\/logo\\\/image\\\/\"}}]}<\/script>\n<!-- \/ Yoast SEO plugin. -->","yoast_head_json":{"title":"Schweizer Ombudsstellen &#8211; Konsumentenforum","robots":{"index":"index","follow":"follow","max-snippet":"max-snippet:-1","max-image-preview":"max-image-preview:large","max-video-preview":"max-video-preview:-1"},"canonical":"https:\/\/konsum.ch\/fr\/ombudsstellen\/schweizer-ombudsstellen\/","og_locale":"fr_FR","og_type":"article","og_title":"Schweizer Ombudsstellen &#8211; Konsumentenforum","og_description":"\u00dcbersicht Ombudsstellen Schweiz Nachfolgend finden Sie eine (nicht abschliessende) Liste von Ombudsstellen in der Schweiz, an welche Sie sich wenden k\u00f6nnen, wenn Sie einen Streitfall aussergerichtlich l\u00f6sen m\u00f6chten.","og_url":"https:\/\/konsum.ch\/fr\/ombudsstellen\/schweizer-ombudsstellen\/","og_site_name":"Konsumentenforum","article_modified_time":"2026-02-11T15:15:47+00:00","twitter_card":"summary_large_image","twitter_misc":{"Dur\u00e9e de lecture estim\u00e9e":"4 minutes"},"schema":{"@context":"https:\/\/schema.org","@graph":[{"@type":"WebPage","@id":"https:\/\/konsum.ch\/fr\/ombudsstellen\/schweizer-ombudsstellen\/","url":"https:\/\/konsum.ch\/fr\/ombudsstellen\/schweizer-ombudsstellen\/","name":"Schweizer Ombudsstellen &#8211; Konsumentenforum","isPartOf":{"@id":"https:\/\/konsum.ch\/fr\/#website"},"datePublished":"2021-04-29T09:54:18+00:00","dateModified":"2026-02-11T15:15:47+00:00","breadcrumb":{"@id":"https:\/\/konsum.ch\/fr\/ombudsstellen\/schweizer-ombudsstellen\/#breadcrumb"},"inLanguage":"fr-FR","potentialAction":[{"@type":"ReadAction","target":["https:\/\/konsum.ch\/fr\/ombudsstellen\/schweizer-ombudsstellen\/"]}]},{"@type":"BreadcrumbList","@id":"https:\/\/konsum.ch\/fr\/ombudsstellen\/schweizer-ombudsstellen\/#breadcrumb","itemListElement":[{"@type":"ListItem","position":1,"name":"Startseite","item":"https:\/\/konsum.ch\/fr\/"},{"@type":"ListItem","position":2,"name":"Ombudstellen\/Ombudsman","item":"https:\/\/konsum.ch\/fr\/ombudsstellen\/"},{"@type":"ListItem","position":3,"name":"Schweizer Ombudsstellen"}]},{"@type":"WebSite","@id":"https:\/\/konsum.ch\/fr\/#website","url":"https:\/\/konsum.ch\/fr\/","name":"Konsumentenforum","description":"","publisher":{"@id":"https:\/\/konsum.ch\/fr\/#organization"},"potentialAction":[{"@type":"SearchAction","target":{"@type":"EntryPoint","urlTemplate":"https:\/\/konsum.ch\/fr\/?s={search_term_string}"},"query-input":{"@type":"PropertyValueSpecification","valueRequired":true,"valueName":"search_term_string"}}],"inLanguage":"fr-FR"},{"@type":"Organization","@id":"https:\/\/konsum.ch\/fr\/#organization","name":"Konsumentenforum kf","url":"https:\/\/konsum.ch\/fr\/","logo":{"@type":"ImageObject","inLanguage":"fr-FR","@id":"https:\/\/konsum.ch\/fr\/#\/schema\/logo\/image\/","url":"https:\/\/konsum.ch\/wp-content\/uploads\/2021\/04\/kf-Logo-NEU-ohneText-01.png","contentUrl":"https:\/\/konsum.ch\/wp-content\/uploads\/2021\/04\/kf-Logo-NEU-ohneText-01.png","width":1477,"height":1477,"caption":"Konsumentenforum kf"},"image":{"@id":"https:\/\/konsum.ch\/fr\/#\/schema\/logo\/image\/"}}]}},"_links":{"self":[{"href":"https:\/\/konsum.ch\/fr\/wp-json\/wp\/v2\/pages\/434","targetHints":{"allow":["GET"]}}],"collection":[{"href":"https:\/\/konsum.ch\/fr\/wp-json\/wp\/v2\/pages"}],"about":[{"href":"https:\/\/konsum.ch\/fr\/wp-json\/wp\/v2\/types\/page"}],"author":[{"embeddable":true,"href":"https:\/\/konsum.ch\/fr\/wp-json\/wp\/v2\/users\/15"}],"replies":[{"embeddable":true,"href":"https:\/\/konsum.ch\/fr\/wp-json\/wp\/v2\/comments?post=434"}],"version-history":[{"count":65,"href":"https:\/\/konsum.ch\/fr\/wp-json\/wp\/v2\/pages\/434\/revisions"}],"predecessor-version":[{"id":146714,"href":"https:\/\/konsum.ch\/fr\/wp-json\/wp\/v2\/pages\/434\/revisions\/146714"}],"up":[{"embeddable":true,"href":"https:\/\/konsum.ch\/fr\/wp-json\/wp\/v2\/pages\/268"}],"wp:attachment":[{"href":"https:\/\/konsum.ch\/fr\/wp-json\/wp\/v2\/media?parent=434"}],"curies":[{"name":"wp","href":"https:\/\/api.w.org\/{rel}","templated":true}]}}