{"id":116543,"date":"2024-12-17T20:57:05","date_gmt":"2024-12-17T19:57:05","guid":{"rendered":"https:\/\/konsum.ch\/ombudsstelle-augenlasern\/"},"modified":"2025-01-13T15:17:06","modified_gmt":"2025-01-13T14:17:06","slug":"ombudsstelle-augenlasern","status":"publish","type":"page","link":"https:\/\/konsum.ch\/fr\/ombudsstelle-augenlasern\/","title":{"rendered":"Service de m\u00e9diation pour le laser oculaire"},"content":{"rendered":"<h3>\n<div role=\"navigation\" aria-label=\"S\u00e9lecteur de langue\" class=\"wpml-ls-statics-shortcode_actions wpml-ls wpml-ls-legacy-list-horizontal\">\n\t<ul><li class=\"wpml-ls-slot-shortcode_actions wpml-ls-item wpml-ls-item-de wpml-ls-first-item wpml-ls-item-legacy-list-horizontal\">\n\t\t\t\t<a href=\"https:\/\/konsum.ch\/de\/\" hreflang=\"de\" lang=\"de\" class=\"wpml-ls-link\" aria-label=\"Passer \u00e0 DE\" title=\"Passer \u00e0 DE\">\n\t\t\t\t\t                                    <img decoding=\"async\"\n            class=\"wpml-ls-flag\"\n            src=\"https:\/\/konsum.ch\/wp-content\/uploads\/flags\/schweiz.png\"\n            alt=\"\"\n            loading=\"lazy\"\n            width=18\n            height=12\n    \/><span class=\"wpml-ls-native\">DE<\/span><\/a>\n\t\t\t<\/li><li class=\"wpml-ls-slot-shortcode_actions wpml-ls-item wpml-ls-item-fr wpml-ls-current-language wpml-ls-item-legacy-list-horizontal\">\n\t\t\t\t<a href=\"https:\/\/konsum.ch\/fr\/\" hreflang=\"fr\" lang=\"fr\" class=\"wpml-ls-link\" aria-current=\"page\" aria-label=\"Passer \u00e0 FR\" title=\"Passer \u00e0 FR\">\n\t\t\t\t\t                                    <img decoding=\"async\"\n            class=\"wpml-ls-flag\"\n            src=\"https:\/\/konsum.ch\/wp-content\/plugins\/sitepress-multilingual-cms\/res\/flags\/fr.svg\"\n            alt=\"\"\n            loading=\"lazy\"\n            width=18\n            height=12\n    \/><span class=\"wpml-ls-native\">FR<\/span><\/a>\n\t\t\t<\/li><li class=\"wpml-ls-slot-shortcode_actions wpml-ls-item wpml-ls-item-it wpml-ls-item-legacy-list-horizontal\">\n\t\t\t\t<a href=\"https:\/\/konsum.ch\/it\/\" hreflang=\"it\" lang=\"it\" class=\"wpml-ls-link\" aria-label=\"Passer \u00e0 IT\" title=\"Passer \u00e0 IT\">\n\t\t\t\t\t                                    <img decoding=\"async\"\n            class=\"wpml-ls-flag\"\n            src=\"https:\/\/konsum.ch\/wp-content\/plugins\/sitepress-multilingual-cms\/res\/flags\/it.svg\"\n            alt=\"\"\n            loading=\"lazy\"\n            width=18\n            height=12\n    \/><span class=\"wpml-ls-native\">IT<\/span><\/a>\n\t\t\t<\/li><li class=\"wpml-ls-slot-shortcode_actions wpml-ls-item wpml-ls-item-en wpml-ls-last-item wpml-ls-item-legacy-list-horizontal\">\n\t\t\t\t<a href=\"https:\/\/konsum.ch\/en\/\" hreflang=\"en\" lang=\"en\" class=\"wpml-ls-link\" aria-label=\"Passer \u00e0 EN\" title=\"Passer \u00e0 EN\">\n\t\t\t\t\t                                    <img decoding=\"async\"\n            class=\"wpml-ls-flag\"\n            src=\"https:\/\/konsum.ch\/wp-content\/plugins\/sitepress-multilingual-cms\/res\/flags\/en.svg\"\n            alt=\"\"\n            loading=\"lazy\"\n            width=18\n            height=12\n    \/><span class=\"wpml-ls-native\">EN<\/span><\/a>\n\t\t\t<\/li><\/ul>\n<\/div>\n<\/h3>\n<h2><strong>Service de m\u00e9diation \u00ab laser pour les yeux<\/strong><\/h2>\n<p>Le service de m\u00e9diation \u00ab Laser oculaire \u00bb est le premier point de contact en cas de probl\u00e8mes et\/ou de complications li\u00e9s \u00e0 une op\u00e9ration des yeux au laser, survenus apr\u00e8s un traitement dans l&#8217;une des boutiques betterview. Les collaborateurs du service de m\u00e9diation assument alors la fonction de m\u00e9diateur et interviennent entre les patients et les patientes et la clinique ophtalmologique betterview.<\/p>\n","protected":false},"excerpt":{"rendered":"<p>Service de m\u00e9diation \u00ab laser pour les yeux Le service de m\u00e9diation \u00ab Laser oculaire \u00bb est le premier point de contact en cas de probl\u00e8mes et\/ou de complications li\u00e9s \u00e0 une op\u00e9ration des yeux au laser, survenus apr\u00e8s un traitement dans l&#8217;une des boutiques betterview. Les collaborateurs du service de m\u00e9diation assument alors la [&hellip;]<\/p>\n","protected":false},"author":13,"featured_media":0,"parent":0,"menu_order":0,"comment_status":"closed","ping_status":"closed","template":"","meta":{"_acf_changed":false,"footnotes":""},"class_list":["post-116543","page","type-page","status-publish","hentry"],"acf":[],"yoast_head":"<!-- This site is optimized with the Yoast SEO plugin v27.4 - https:\/\/yoast.com\/product\/yoast-seo-wordpress\/ -->\n<title>Service de m\u00e9diation pour le laser oculaire &#8211; Konsumentenforum<\/title>\n<meta name=\"robots\" content=\"index, follow, max-snippet:-1, max-image-preview:large, max-video-preview:-1\" \/>\n<link rel=\"canonical\" href=\"https:\/\/konsum.ch\/fr\/ombudsstelle-augenlasern\/\" \/>\n<meta property=\"og:locale\" content=\"fr_FR\" \/>\n<meta property=\"og:type\" content=\"article\" \/>\n<meta property=\"og:title\" content=\"Service de m\u00e9diation pour le laser oculaire &#8211; Konsumentenforum\" \/>\n<meta property=\"og:description\" content=\"Service de m\u00e9diation \u00ab laser pour les yeux Le service de m\u00e9diation \u00ab Laser oculaire \u00bb est le premier point de contact en cas de probl\u00e8mes et\/ou de complications li\u00e9s \u00e0 une op\u00e9ration des yeux au laser, survenus apr\u00e8s un traitement dans l&#8217;une des boutiques betterview. Les collaborateurs du service de m\u00e9diation assument alors la [&hellip;]\" \/>\n<meta property=\"og:url\" content=\"https:\/\/konsum.ch\/fr\/ombudsstelle-augenlasern\/\" \/>\n<meta property=\"og:site_name\" content=\"Konsumentenforum\" \/>\n<meta property=\"article:modified_time\" content=\"2025-01-13T14:17:06+00:00\" \/>\n<meta name=\"twitter:card\" content=\"summary_large_image\" \/>\n<meta name=\"twitter:label1\" content=\"Dur\u00e9e de lecture estim\u00e9e\" \/>\n\t<meta name=\"twitter:data1\" content=\"3 minutes\" \/>\n<script type=\"application\/ld+json\" class=\"yoast-schema-graph\">{\"@context\":\"https:\\\/\\\/schema.org\",\"@graph\":[{\"@type\":\"WebPage\",\"@id\":\"https:\\\/\\\/konsum.ch\\\/fr\\\/ombudsstelle-augenlasern\\\/\",\"url\":\"https:\\\/\\\/konsum.ch\\\/fr\\\/ombudsstelle-augenlasern\\\/\",\"name\":\"Service de m\u00e9diation pour le laser oculaire &#8211; Konsumentenforum\",\"isPartOf\":{\"@id\":\"https:\\\/\\\/konsum.ch\\\/fr\\\/#website\"},\"datePublished\":\"2024-12-17T19:57:05+00:00\",\"dateModified\":\"2025-01-13T14:17:06+00:00\",\"breadcrumb\":{\"@id\":\"https:\\\/\\\/konsum.ch\\\/fr\\\/ombudsstelle-augenlasern\\\/#breadcrumb\"},\"inLanguage\":\"fr-FR\",\"potentialAction\":[{\"@type\":\"ReadAction\",\"target\":[\"https:\\\/\\\/konsum.ch\\\/fr\\\/ombudsstelle-augenlasern\\\/\"]}]},{\"@type\":\"BreadcrumbList\",\"@id\":\"https:\\\/\\\/konsum.ch\\\/fr\\\/ombudsstelle-augenlasern\\\/#breadcrumb\",\"itemListElement\":[{\"@type\":\"ListItem\",\"position\":1,\"name\":\"Startseite\",\"item\":\"https:\\\/\\\/konsum.ch\\\/fr\\\/\"},{\"@type\":\"ListItem\",\"position\":2,\"name\":\"Service de m\u00e9diation pour le laser oculaire\"}]},{\"@type\":\"WebSite\",\"@id\":\"https:\\\/\\\/konsum.ch\\\/fr\\\/#website\",\"url\":\"https:\\\/\\\/konsum.ch\\\/fr\\\/\",\"name\":\"Konsumentenforum\",\"description\":\"\",\"publisher\":{\"@id\":\"https:\\\/\\\/konsum.ch\\\/fr\\\/#organization\"},\"potentialAction\":[{\"@type\":\"SearchAction\",\"target\":{\"@type\":\"EntryPoint\",\"urlTemplate\":\"https:\\\/\\\/konsum.ch\\\/fr\\\/?s={search_term_string}\"},\"query-input\":{\"@type\":\"PropertyValueSpecification\",\"valueRequired\":true,\"valueName\":\"search_term_string\"}}],\"inLanguage\":\"fr-FR\"},{\"@type\":\"Organization\",\"@id\":\"https:\\\/\\\/konsum.ch\\\/fr\\\/#organization\",\"name\":\"Konsumentenforum kf\",\"url\":\"https:\\\/\\\/konsum.ch\\\/fr\\\/\",\"logo\":{\"@type\":\"ImageObject\",\"inLanguage\":\"fr-FR\",\"@id\":\"https:\\\/\\\/konsum.ch\\\/fr\\\/#\\\/schema\\\/logo\\\/image\\\/\",\"url\":\"https:\\\/\\\/konsum.ch\\\/wp-content\\\/uploads\\\/2021\\\/04\\\/kf-Logo-NEU-ohneText-01.png\",\"contentUrl\":\"https:\\\/\\\/konsum.ch\\\/wp-content\\\/uploads\\\/2021\\\/04\\\/kf-Logo-NEU-ohneText-01.png\",\"width\":1477,\"height\":1477,\"caption\":\"Konsumentenforum kf\"},\"image\":{\"@id\":\"https:\\\/\\\/konsum.ch\\\/fr\\\/#\\\/schema\\\/logo\\\/image\\\/\"}}]}<\/script>\n<!-- \/ Yoast SEO plugin. -->","yoast_head_json":{"title":"Service de m\u00e9diation pour le laser oculaire &#8211; Konsumentenforum","robots":{"index":"index","follow":"follow","max-snippet":"max-snippet:-1","max-image-preview":"max-image-preview:large","max-video-preview":"max-video-preview:-1"},"canonical":"https:\/\/konsum.ch\/fr\/ombudsstelle-augenlasern\/","og_locale":"fr_FR","og_type":"article","og_title":"Service de m\u00e9diation pour le laser oculaire &#8211; Konsumentenforum","og_description":"Service de m\u00e9diation \u00ab laser pour les yeux Le service de m\u00e9diation \u00ab Laser oculaire \u00bb est le premier point de contact en cas de probl\u00e8mes et\/ou de complications li\u00e9s \u00e0 une op\u00e9ration des yeux au laser, survenus apr\u00e8s un traitement dans l&#8217;une des boutiques betterview. Les collaborateurs du service de m\u00e9diation assument alors la [&hellip;]","og_url":"https:\/\/konsum.ch\/fr\/ombudsstelle-augenlasern\/","og_site_name":"Konsumentenforum","article_modified_time":"2025-01-13T14:17:06+00:00","twitter_card":"summary_large_image","twitter_misc":{"Dur\u00e9e de lecture estim\u00e9e":"3 minutes"},"schema":{"@context":"https:\/\/schema.org","@graph":[{"@type":"WebPage","@id":"https:\/\/konsum.ch\/fr\/ombudsstelle-augenlasern\/","url":"https:\/\/konsum.ch\/fr\/ombudsstelle-augenlasern\/","name":"Service de m\u00e9diation pour le laser oculaire &#8211; Konsumentenforum","isPartOf":{"@id":"https:\/\/konsum.ch\/fr\/#website"},"datePublished":"2024-12-17T19:57:05+00:00","dateModified":"2025-01-13T14:17:06+00:00","breadcrumb":{"@id":"https:\/\/konsum.ch\/fr\/ombudsstelle-augenlasern\/#breadcrumb"},"inLanguage":"fr-FR","potentialAction":[{"@type":"ReadAction","target":["https:\/\/konsum.ch\/fr\/ombudsstelle-augenlasern\/"]}]},{"@type":"BreadcrumbList","@id":"https:\/\/konsum.ch\/fr\/ombudsstelle-augenlasern\/#breadcrumb","itemListElement":[{"@type":"ListItem","position":1,"name":"Startseite","item":"https:\/\/konsum.ch\/fr\/"},{"@type":"ListItem","position":2,"name":"Service de m\u00e9diation pour le laser oculaire"}]},{"@type":"WebSite","@id":"https:\/\/konsum.ch\/fr\/#website","url":"https:\/\/konsum.ch\/fr\/","name":"Konsumentenforum","description":"","publisher":{"@id":"https:\/\/konsum.ch\/fr\/#organization"},"potentialAction":[{"@type":"SearchAction","target":{"@type":"EntryPoint","urlTemplate":"https:\/\/konsum.ch\/fr\/?s={search_term_string}"},"query-input":{"@type":"PropertyValueSpecification","valueRequired":true,"valueName":"search_term_string"}}],"inLanguage":"fr-FR"},{"@type":"Organization","@id":"https:\/\/konsum.ch\/fr\/#organization","name":"Konsumentenforum kf","url":"https:\/\/konsum.ch\/fr\/","logo":{"@type":"ImageObject","inLanguage":"fr-FR","@id":"https:\/\/konsum.ch\/fr\/#\/schema\/logo\/image\/","url":"https:\/\/konsum.ch\/wp-content\/uploads\/2021\/04\/kf-Logo-NEU-ohneText-01.png","contentUrl":"https:\/\/konsum.ch\/wp-content\/uploads\/2021\/04\/kf-Logo-NEU-ohneText-01.png","width":1477,"height":1477,"caption":"Konsumentenforum kf"},"image":{"@id":"https:\/\/konsum.ch\/fr\/#\/schema\/logo\/image\/"}}]}},"_links":{"self":[{"href":"https:\/\/konsum.ch\/fr\/wp-json\/wp\/v2\/pages\/116543","targetHints":{"allow":["GET"]}}],"collection":[{"href":"https:\/\/konsum.ch\/fr\/wp-json\/wp\/v2\/pages"}],"about":[{"href":"https:\/\/konsum.ch\/fr\/wp-json\/wp\/v2\/types\/page"}],"author":[{"embeddable":true,"href":"https:\/\/konsum.ch\/fr\/wp-json\/wp\/v2\/users\/13"}],"replies":[{"embeddable":true,"href":"https:\/\/konsum.ch\/fr\/wp-json\/wp\/v2\/comments?post=116543"}],"version-history":[{"count":2,"href":"https:\/\/konsum.ch\/fr\/wp-json\/wp\/v2\/pages\/116543\/revisions"}],"predecessor-version":[{"id":116618,"href":"https:\/\/konsum.ch\/fr\/wp-json\/wp\/v2\/pages\/116543\/revisions\/116618"}],"wp:attachment":[{"href":"https:\/\/konsum.ch\/fr\/wp-json\/wp\/v2\/media?parent=116543"}],"curies":[{"name":"wp","href":"https:\/\/api.w.org\/{rel}","templated":true}]}}