{"id":114416,"date":"2024-03-15T11:17:30","date_gmt":"2024-03-15T10:17:30","guid":{"rendered":"https:\/\/konsum.ch\/service-de-mediation-immobiliere\/"},"modified":"2024-06-03T11:14:34","modified_gmt":"2024-06-03T09:14:34","slug":"service-de-mediation-immobiliere","status":"publish","type":"page","link":"https:\/\/konsum.ch\/fr\/service-de-mediation-immobiliere\/","title":{"rendered":"Immobili\u00e8re"},"content":{"rendered":"\n<div role=\"navigation\" aria-label=\"S\u00e9lecteur de langue\" class=\"wpml-ls-statics-shortcode_actions wpml-ls wpml-ls-legacy-list-horizontal\">\n\t<ul><li class=\"wpml-ls-slot-shortcode_actions wpml-ls-item wpml-ls-item-de wpml-ls-first-item wpml-ls-item-legacy-list-horizontal\">\n\t\t\t\t<a href=\"https:\/\/konsum.ch\/de\/\" hreflang=\"de\" lang=\"de\" class=\"wpml-ls-link\" aria-label=\"Passer \u00e0 DE\" title=\"Passer \u00e0 DE\">\n\t\t\t\t\t                                    <img decoding=\"async\"\n            class=\"wpml-ls-flag\"\n            src=\"https:\/\/konsum.ch\/wp-content\/uploads\/flags\/schweiz.png\"\n            alt=\"\"\n            loading=\"lazy\"\n            width=18\n            height=12\n    \/><span class=\"wpml-ls-native\">DE<\/span><\/a>\n\t\t\t<\/li><li class=\"wpml-ls-slot-shortcode_actions wpml-ls-item wpml-ls-item-fr wpml-ls-current-language wpml-ls-item-legacy-list-horizontal\">\n\t\t\t\t<a href=\"https:\/\/konsum.ch\/fr\/\" hreflang=\"fr\" lang=\"fr\" class=\"wpml-ls-link\" aria-current=\"page\" aria-label=\"Passer \u00e0 FR\" title=\"Passer \u00e0 FR\">\n\t\t\t\t\t                                    <img decoding=\"async\"\n            class=\"wpml-ls-flag\"\n            src=\"https:\/\/konsum.ch\/wp-content\/plugins\/sitepress-multilingual-cms\/res\/flags\/fr.svg\"\n            alt=\"\"\n            loading=\"lazy\"\n            width=18\n            height=12\n    \/><span class=\"wpml-ls-native\">FR<\/span><\/a>\n\t\t\t<\/li><li class=\"wpml-ls-slot-shortcode_actions wpml-ls-item wpml-ls-item-it wpml-ls-item-legacy-list-horizontal\">\n\t\t\t\t<a href=\"https:\/\/konsum.ch\/it\/\" hreflang=\"it\" lang=\"it\" class=\"wpml-ls-link\" aria-label=\"Passer \u00e0 IT\" title=\"Passer \u00e0 IT\">\n\t\t\t\t\t                                    <img decoding=\"async\"\n            class=\"wpml-ls-flag\"\n            src=\"https:\/\/konsum.ch\/wp-content\/plugins\/sitepress-multilingual-cms\/res\/flags\/it.svg\"\n            alt=\"\"\n            loading=\"lazy\"\n            width=18\n            height=12\n    \/><span class=\"wpml-ls-native\">IT<\/span><\/a>\n\t\t\t<\/li><li class=\"wpml-ls-slot-shortcode_actions wpml-ls-item wpml-ls-item-en wpml-ls-last-item wpml-ls-item-legacy-list-horizontal\">\n\t\t\t\t<a href=\"https:\/\/konsum.ch\/en\/\" hreflang=\"en\" lang=\"en\" class=\"wpml-ls-link\" aria-label=\"Passer \u00e0 EN\" title=\"Passer \u00e0 EN\">\n\t\t\t\t\t                                    <img decoding=\"async\"\n            class=\"wpml-ls-flag\"\n            src=\"https:\/\/konsum.ch\/wp-content\/plugins\/sitepress-multilingual-cms\/res\/flags\/en.svg\"\n            alt=\"\"\n            loading=\"lazy\"\n            width=18\n            height=12\n    \/><span class=\"wpml-ls-native\">EN<\/span><\/a>\n\t\t\t<\/li><\/ul>\n<\/div>\n\n<h1>Point de contact ind\u00e9pendant RE\/MAX<\/h1>\n<p>Le service du point de contact ind\u00e9pendant RE\/MAX\u00a0 offre une plate-forme neutre pour r\u00e9soudre les plaintes relatives aux dommages et aux d\u00e9fauts de RE\/MAX pour lesquels un accord n&#8217;a pas \u00e9t\u00e9 possible jusqu&#8217;\u00e0 pr\u00e9sent. En tant qu&#8217;interm\u00e9diaire entre les parties, notre service vise \u00e0 contourner la n\u00e9cessit\u00e9 d&#8217;une action en justice par une m\u00e9diation constructive et \u00e0 trouver une solution \u00e9quitable pour toutes les parties concern\u00e9es.<\/p>\n","protected":false},"excerpt":{"rendered":"<p>Point de contact ind\u00e9pendant RE\/MAX Le service du point de contact ind\u00e9pendant RE\/MAX\u00a0 offre une plate-forme neutre pour r\u00e9soudre les plaintes relatives aux dommages et aux d\u00e9fauts de RE\/MAX pour lesquels un accord n&#8217;a pas \u00e9t\u00e9 possible jusqu&#8217;\u00e0 pr\u00e9sent. En tant qu&#8217;interm\u00e9diaire entre les parties, notre service vise \u00e0 contourner la n\u00e9cessit\u00e9 d&#8217;une action en [&hellip;]<\/p>\n","protected":false},"author":13,"featured_media":0,"parent":0,"menu_order":0,"comment_status":"closed","ping_status":"closed","template":"","meta":{"_acf_changed":false,"footnotes":""},"class_list":["post-114416","page","type-page","status-publish","hentry"],"acf":[],"yoast_head":"<!-- This site is optimized with the Yoast SEO plugin v27.4 - https:\/\/yoast.com\/product\/yoast-seo-wordpress\/ -->\n<title>Immobili\u00e8re &#8211; Konsumentenforum<\/title>\n<meta name=\"robots\" content=\"index, follow, max-snippet:-1, max-image-preview:large, max-video-preview:-1\" \/>\n<link rel=\"canonical\" href=\"https:\/\/konsum.ch\/fr\/service-de-mediation-immobiliere\/\" \/>\n<meta property=\"og:locale\" content=\"fr_FR\" \/>\n<meta property=\"og:type\" content=\"article\" \/>\n<meta property=\"og:title\" content=\"Immobili\u00e8re &#8211; Konsumentenforum\" \/>\n<meta property=\"og:description\" content=\"Point de contact ind\u00e9pendant RE\/MAX Le service du point de contact ind\u00e9pendant RE\/MAX\u00a0 offre une plate-forme neutre pour r\u00e9soudre les plaintes relatives aux dommages et aux d\u00e9fauts de RE\/MAX pour lesquels un accord n&#8217;a pas \u00e9t\u00e9 possible jusqu&#8217;\u00e0 pr\u00e9sent. En tant qu&#8217;interm\u00e9diaire entre les parties, notre service vise \u00e0 contourner la n\u00e9cessit\u00e9 d&#8217;une action en [&hellip;]\" \/>\n<meta property=\"og:url\" content=\"https:\/\/konsum.ch\/fr\/service-de-mediation-immobiliere\/\" \/>\n<meta property=\"og:site_name\" content=\"Konsumentenforum\" \/>\n<meta property=\"article:modified_time\" content=\"2024-06-03T09:14:34+00:00\" \/>\n<meta name=\"twitter:card\" content=\"summary_large_image\" \/>\n<meta name=\"twitter:label1\" content=\"Dur\u00e9e de lecture estim\u00e9e\" \/>\n\t<meta name=\"twitter:data1\" content=\"1 minute\" \/>\n<script type=\"application\/ld+json\" class=\"yoast-schema-graph\">{\"@context\":\"https:\\\/\\\/schema.org\",\"@graph\":[{\"@type\":\"WebPage\",\"@id\":\"https:\\\/\\\/konsum.ch\\\/fr\\\/service-de-mediation-immobiliere\\\/\",\"url\":\"https:\\\/\\\/konsum.ch\\\/fr\\\/service-de-mediation-immobiliere\\\/\",\"name\":\"Immobili\u00e8re &#8211; Konsumentenforum\",\"isPartOf\":{\"@id\":\"https:\\\/\\\/konsum.ch\\\/fr\\\/#website\"},\"datePublished\":\"2024-03-15T10:17:30+00:00\",\"dateModified\":\"2024-06-03T09:14:34+00:00\",\"breadcrumb\":{\"@id\":\"https:\\\/\\\/konsum.ch\\\/fr\\\/service-de-mediation-immobiliere\\\/#breadcrumb\"},\"inLanguage\":\"fr-FR\",\"potentialAction\":[{\"@type\":\"ReadAction\",\"target\":[\"https:\\\/\\\/konsum.ch\\\/fr\\\/service-de-mediation-immobiliere\\\/\"]}]},{\"@type\":\"BreadcrumbList\",\"@id\":\"https:\\\/\\\/konsum.ch\\\/fr\\\/service-de-mediation-immobiliere\\\/#breadcrumb\",\"itemListElement\":[{\"@type\":\"ListItem\",\"position\":1,\"name\":\"Startseite\",\"item\":\"https:\\\/\\\/konsum.ch\\\/fr\\\/\"},{\"@type\":\"ListItem\",\"position\":2,\"name\":\"Immobili\u00e8re\"}]},{\"@type\":\"WebSite\",\"@id\":\"https:\\\/\\\/konsum.ch\\\/fr\\\/#website\",\"url\":\"https:\\\/\\\/konsum.ch\\\/fr\\\/\",\"name\":\"Konsumentenforum\",\"description\":\"\",\"publisher\":{\"@id\":\"https:\\\/\\\/konsum.ch\\\/fr\\\/#organization\"},\"potentialAction\":[{\"@type\":\"SearchAction\",\"target\":{\"@type\":\"EntryPoint\",\"urlTemplate\":\"https:\\\/\\\/konsum.ch\\\/fr\\\/?s={search_term_string}\"},\"query-input\":{\"@type\":\"PropertyValueSpecification\",\"valueRequired\":true,\"valueName\":\"search_term_string\"}}],\"inLanguage\":\"fr-FR\"},{\"@type\":\"Organization\",\"@id\":\"https:\\\/\\\/konsum.ch\\\/fr\\\/#organization\",\"name\":\"Konsumentenforum kf\",\"url\":\"https:\\\/\\\/konsum.ch\\\/fr\\\/\",\"logo\":{\"@type\":\"ImageObject\",\"inLanguage\":\"fr-FR\",\"@id\":\"https:\\\/\\\/konsum.ch\\\/fr\\\/#\\\/schema\\\/logo\\\/image\\\/\",\"url\":\"https:\\\/\\\/konsum.ch\\\/wp-content\\\/uploads\\\/2021\\\/04\\\/kf-Logo-NEU-ohneText-01.png\",\"contentUrl\":\"https:\\\/\\\/konsum.ch\\\/wp-content\\\/uploads\\\/2021\\\/04\\\/kf-Logo-NEU-ohneText-01.png\",\"width\":1477,\"height\":1477,\"caption\":\"Konsumentenforum kf\"},\"image\":{\"@id\":\"https:\\\/\\\/konsum.ch\\\/fr\\\/#\\\/schema\\\/logo\\\/image\\\/\"}}]}<\/script>\n<!-- \/ Yoast SEO plugin. -->","yoast_head_json":{"title":"Immobili\u00e8re &#8211; Konsumentenforum","robots":{"index":"index","follow":"follow","max-snippet":"max-snippet:-1","max-image-preview":"max-image-preview:large","max-video-preview":"max-video-preview:-1"},"canonical":"https:\/\/konsum.ch\/fr\/service-de-mediation-immobiliere\/","og_locale":"fr_FR","og_type":"article","og_title":"Immobili\u00e8re &#8211; Konsumentenforum","og_description":"Point de contact ind\u00e9pendant RE\/MAX Le service du point de contact ind\u00e9pendant RE\/MAX\u00a0 offre une plate-forme neutre pour r\u00e9soudre les plaintes relatives aux dommages et aux d\u00e9fauts de RE\/MAX pour lesquels un accord n&#8217;a pas \u00e9t\u00e9 possible jusqu&#8217;\u00e0 pr\u00e9sent. En tant qu&#8217;interm\u00e9diaire entre les parties, notre service vise \u00e0 contourner la n\u00e9cessit\u00e9 d&#8217;une action en [&hellip;]","og_url":"https:\/\/konsum.ch\/fr\/service-de-mediation-immobiliere\/","og_site_name":"Konsumentenforum","article_modified_time":"2024-06-03T09:14:34+00:00","twitter_card":"summary_large_image","twitter_misc":{"Dur\u00e9e de lecture estim\u00e9e":"1 minute"},"schema":{"@context":"https:\/\/schema.org","@graph":[{"@type":"WebPage","@id":"https:\/\/konsum.ch\/fr\/service-de-mediation-immobiliere\/","url":"https:\/\/konsum.ch\/fr\/service-de-mediation-immobiliere\/","name":"Immobili\u00e8re &#8211; Konsumentenforum","isPartOf":{"@id":"https:\/\/konsum.ch\/fr\/#website"},"datePublished":"2024-03-15T10:17:30+00:00","dateModified":"2024-06-03T09:14:34+00:00","breadcrumb":{"@id":"https:\/\/konsum.ch\/fr\/service-de-mediation-immobiliere\/#breadcrumb"},"inLanguage":"fr-FR","potentialAction":[{"@type":"ReadAction","target":["https:\/\/konsum.ch\/fr\/service-de-mediation-immobiliere\/"]}]},{"@type":"BreadcrumbList","@id":"https:\/\/konsum.ch\/fr\/service-de-mediation-immobiliere\/#breadcrumb","itemListElement":[{"@type":"ListItem","position":1,"name":"Startseite","item":"https:\/\/konsum.ch\/fr\/"},{"@type":"ListItem","position":2,"name":"Immobili\u00e8re"}]},{"@type":"WebSite","@id":"https:\/\/konsum.ch\/fr\/#website","url":"https:\/\/konsum.ch\/fr\/","name":"Konsumentenforum","description":"","publisher":{"@id":"https:\/\/konsum.ch\/fr\/#organization"},"potentialAction":[{"@type":"SearchAction","target":{"@type":"EntryPoint","urlTemplate":"https:\/\/konsum.ch\/fr\/?s={search_term_string}"},"query-input":{"@type":"PropertyValueSpecification","valueRequired":true,"valueName":"search_term_string"}}],"inLanguage":"fr-FR"},{"@type":"Organization","@id":"https:\/\/konsum.ch\/fr\/#organization","name":"Konsumentenforum kf","url":"https:\/\/konsum.ch\/fr\/","logo":{"@type":"ImageObject","inLanguage":"fr-FR","@id":"https:\/\/konsum.ch\/fr\/#\/schema\/logo\/image\/","url":"https:\/\/konsum.ch\/wp-content\/uploads\/2021\/04\/kf-Logo-NEU-ohneText-01.png","contentUrl":"https:\/\/konsum.ch\/wp-content\/uploads\/2021\/04\/kf-Logo-NEU-ohneText-01.png","width":1477,"height":1477,"caption":"Konsumentenforum kf"},"image":{"@id":"https:\/\/konsum.ch\/fr\/#\/schema\/logo\/image\/"}}]}},"_links":{"self":[{"href":"https:\/\/konsum.ch\/fr\/wp-json\/wp\/v2\/pages\/114416","targetHints":{"allow":["GET"]}}],"collection":[{"href":"https:\/\/konsum.ch\/fr\/wp-json\/wp\/v2\/pages"}],"about":[{"href":"https:\/\/konsum.ch\/fr\/wp-json\/wp\/v2\/types\/page"}],"author":[{"embeddable":true,"href":"https:\/\/konsum.ch\/fr\/wp-json\/wp\/v2\/users\/13"}],"replies":[{"embeddable":true,"href":"https:\/\/konsum.ch\/fr\/wp-json\/wp\/v2\/comments?post=114416"}],"version-history":[{"count":5,"href":"https:\/\/konsum.ch\/fr\/wp-json\/wp\/v2\/pages\/114416\/revisions"}],"predecessor-version":[{"id":114907,"href":"https:\/\/konsum.ch\/fr\/wp-json\/wp\/v2\/pages\/114416\/revisions\/114907"}],"wp:attachment":[{"href":"https:\/\/konsum.ch\/fr\/wp-json\/wp\/v2\/media?parent=114416"}],"curies":[{"name":"wp","href":"https:\/\/api.w.org\/{rel}","templated":true}]}}