{"id":445,"date":"2021-04-29T13:57:16","date_gmt":"2021-04-29T11:57:16","guid":{"rendered":"https:\/\/konsum.ch\/?page_id=445"},"modified":"2025-02-03T15:45:56","modified_gmt":"2025-02-03T14:45:56","slug":"mitglieder-goenner","status":"publish","type":"page","link":"https:\/\/konsum.ch\/de\/mitglieder-goenner\/","title":{"rendered":"Mitglieder \/ G\u00f6nner"},"content":{"rendered":"<h1>Mitglied oder G\u00f6nner werden<\/h1>\n<p>Das Schweizerische Konsumentenforum kf wurde 1961 gegr\u00fcndet und ist eine staatlich anerkannte Konsumentenorganisation mit Sitz in Bern. Als Non-Profit-Organisation ist das kf auf G\u00f6nnerinnen und G\u00f6nner angewiesen. Neben der Aufbereitung konsumrelevanter Informationen via Magazin, Webseite und Sozialen Medien setzt sich das kf f\u00fcr eine liberale Konsumentenpolitik und mehr Transparenz gegen\u00fcber den Konsumentinnen und Konsumenten ein.<\/p>\n","protected":false},"excerpt":{"rendered":"<p>Mitglied oder G\u00f6nner werden Das Schweizerische Konsumentenforum kf wurde 1961 gegr\u00fcndet und ist eine staatlich anerkannte Konsumentenorganisation mit Sitz in Bern. Als Non-Profit-Organisation ist das kf auf G\u00f6nnerinnen und G\u00f6nner angewiesen. Neben der Aufbereitung konsumrelevanter Informationen via Magazin, Webseite und Sozialen Medien setzt sich das kf f\u00fcr eine liberale Konsumentenpolitik und mehr Transparenz gegen\u00fcber den [&hellip;]<\/p>\n","protected":false},"author":15,"featured_media":0,"parent":0,"menu_order":0,"comment_status":"closed","ping_status":"closed","template":"","meta":{"_acf_changed":false,"footnotes":""},"class_list":["post-445","page","type-page","status-publish","hentry"],"acf":[],"yoast_head":"<!-- This site is optimized with the Yoast SEO plugin v27.4 - https:\/\/yoast.com\/product\/yoast-seo-wordpress\/ -->\n<title>Mitglieder \/ G\u00f6nner &#8211; Konsumentenforum<\/title>\n<meta name=\"robots\" content=\"index, follow, max-snippet:-1, max-image-preview:large, max-video-preview:-1\" \/>\n<link rel=\"canonical\" href=\"https:\/\/konsum.ch\/de\/mitglieder-goenner\/\" \/>\n<meta property=\"og:locale\" content=\"de_DE\" \/>\n<meta property=\"og:type\" content=\"article\" \/>\n<meta property=\"og:title\" content=\"Mitglieder \/ G\u00f6nner &#8211; Konsumentenforum\" \/>\n<meta property=\"og:description\" content=\"Mitglied oder G\u00f6nner werden Das Schweizerische Konsumentenforum kf wurde 1961 gegr\u00fcndet und ist eine staatlich anerkannte Konsumentenorganisation mit Sitz in Bern. Als Non-Profit-Organisation ist das kf auf G\u00f6nnerinnen und G\u00f6nner angewiesen. Neben der Aufbereitung konsumrelevanter Informationen via Magazin, Webseite und Sozialen Medien setzt sich das kf f\u00fcr eine liberale Konsumentenpolitik und mehr Transparenz gegen\u00fcber den [&hellip;]\" \/>\n<meta property=\"og:url\" content=\"https:\/\/konsum.ch\/de\/mitglieder-goenner\/\" \/>\n<meta property=\"og:site_name\" content=\"Konsumentenforum\" \/>\n<meta property=\"article:modified_time\" content=\"2025-02-03T14:45:56+00:00\" \/>\n<meta name=\"twitter:card\" content=\"summary_large_image\" \/>\n<meta name=\"twitter:label1\" content=\"Gesch\u00e4tzte Lesezeit\" \/>\n\t<meta name=\"twitter:data1\" content=\"3\u00a0Minuten\" \/>\n<script type=\"application\/ld+json\" class=\"yoast-schema-graph\">{\"@context\":\"https:\\\/\\\/schema.org\",\"@graph\":[{\"@type\":\"WebPage\",\"@id\":\"https:\\\/\\\/konsum.ch\\\/de\\\/mitglieder-goenner\\\/\",\"url\":\"https:\\\/\\\/konsum.ch\\\/de\\\/mitglieder-goenner\\\/\",\"name\":\"Mitglieder \\\/ G\u00f6nner &#8211; Konsumentenforum\",\"isPartOf\":{\"@id\":\"https:\\\/\\\/konsum.ch\\\/de\\\/#website\"},\"datePublished\":\"2021-04-29T11:57:16+00:00\",\"dateModified\":\"2025-02-03T14:45:56+00:00\",\"breadcrumb\":{\"@id\":\"https:\\\/\\\/konsum.ch\\\/de\\\/mitglieder-goenner\\\/#breadcrumb\"},\"inLanguage\":\"de\",\"potentialAction\":[{\"@type\":\"ReadAction\",\"target\":[\"https:\\\/\\\/konsum.ch\\\/de\\\/mitglieder-goenner\\\/\"]}]},{\"@type\":\"BreadcrumbList\",\"@id\":\"https:\\\/\\\/konsum.ch\\\/de\\\/mitglieder-goenner\\\/#breadcrumb\",\"itemListElement\":[{\"@type\":\"ListItem\",\"position\":1,\"name\":\"Startseite\",\"item\":\"https:\\\/\\\/konsum.ch\\\/de\\\/\"},{\"@type\":\"ListItem\",\"position\":2,\"name\":\"Mitglieder \\\/ G\u00f6nner\"}]},{\"@type\":\"WebSite\",\"@id\":\"https:\\\/\\\/konsum.ch\\\/de\\\/#website\",\"url\":\"https:\\\/\\\/konsum.ch\\\/de\\\/\",\"name\":\"Konsumentenforum\",\"description\":\"\",\"publisher\":{\"@id\":\"https:\\\/\\\/konsum.ch\\\/de\\\/#organization\"},\"potentialAction\":[{\"@type\":\"SearchAction\",\"target\":{\"@type\":\"EntryPoint\",\"urlTemplate\":\"https:\\\/\\\/konsum.ch\\\/de\\\/?s={search_term_string}\"},\"query-input\":{\"@type\":\"PropertyValueSpecification\",\"valueRequired\":true,\"valueName\":\"search_term_string\"}}],\"inLanguage\":\"de\"},{\"@type\":\"Organization\",\"@id\":\"https:\\\/\\\/konsum.ch\\\/de\\\/#organization\",\"name\":\"Konsumentenforum kf\",\"url\":\"https:\\\/\\\/konsum.ch\\\/de\\\/\",\"logo\":{\"@type\":\"ImageObject\",\"inLanguage\":\"de\",\"@id\":\"https:\\\/\\\/konsum.ch\\\/de\\\/#\\\/schema\\\/logo\\\/image\\\/\",\"url\":\"https:\\\/\\\/konsum.ch\\\/wp-content\\\/uploads\\\/2021\\\/04\\\/kf-Logo-NEU-ohneText-01.png\",\"contentUrl\":\"https:\\\/\\\/konsum.ch\\\/wp-content\\\/uploads\\\/2021\\\/04\\\/kf-Logo-NEU-ohneText-01.png\",\"width\":1477,\"height\":1477,\"caption\":\"Konsumentenforum kf\"},\"image\":{\"@id\":\"https:\\\/\\\/konsum.ch\\\/de\\\/#\\\/schema\\\/logo\\\/image\\\/\"}}]}<\/script>\n<!-- \/ Yoast SEO plugin. -->","yoast_head_json":{"title":"Mitglieder \/ G\u00f6nner &#8211; Konsumentenforum","robots":{"index":"index","follow":"follow","max-snippet":"max-snippet:-1","max-image-preview":"max-image-preview:large","max-video-preview":"max-video-preview:-1"},"canonical":"https:\/\/konsum.ch\/de\/mitglieder-goenner\/","og_locale":"de_DE","og_type":"article","og_title":"Mitglieder \/ G\u00f6nner &#8211; Konsumentenforum","og_description":"Mitglied oder G\u00f6nner werden Das Schweizerische Konsumentenforum kf wurde 1961 gegr\u00fcndet und ist eine staatlich anerkannte Konsumentenorganisation mit Sitz in Bern. Als Non-Profit-Organisation ist das kf auf G\u00f6nnerinnen und G\u00f6nner angewiesen. Neben der Aufbereitung konsumrelevanter Informationen via Magazin, Webseite und Sozialen Medien setzt sich das kf f\u00fcr eine liberale Konsumentenpolitik und mehr Transparenz gegen\u00fcber den [&hellip;]","og_url":"https:\/\/konsum.ch\/de\/mitglieder-goenner\/","og_site_name":"Konsumentenforum","article_modified_time":"2025-02-03T14:45:56+00:00","twitter_card":"summary_large_image","twitter_misc":{"Gesch\u00e4tzte Lesezeit":"3\u00a0Minuten"},"schema":{"@context":"https:\/\/schema.org","@graph":[{"@type":"WebPage","@id":"https:\/\/konsum.ch\/de\/mitglieder-goenner\/","url":"https:\/\/konsum.ch\/de\/mitglieder-goenner\/","name":"Mitglieder \/ G\u00f6nner &#8211; Konsumentenforum","isPartOf":{"@id":"https:\/\/konsum.ch\/de\/#website"},"datePublished":"2021-04-29T11:57:16+00:00","dateModified":"2025-02-03T14:45:56+00:00","breadcrumb":{"@id":"https:\/\/konsum.ch\/de\/mitglieder-goenner\/#breadcrumb"},"inLanguage":"de","potentialAction":[{"@type":"ReadAction","target":["https:\/\/konsum.ch\/de\/mitglieder-goenner\/"]}]},{"@type":"BreadcrumbList","@id":"https:\/\/konsum.ch\/de\/mitglieder-goenner\/#breadcrumb","itemListElement":[{"@type":"ListItem","position":1,"name":"Startseite","item":"https:\/\/konsum.ch\/de\/"},{"@type":"ListItem","position":2,"name":"Mitglieder \/ G\u00f6nner"}]},{"@type":"WebSite","@id":"https:\/\/konsum.ch\/de\/#website","url":"https:\/\/konsum.ch\/de\/","name":"Konsumentenforum","description":"","publisher":{"@id":"https:\/\/konsum.ch\/de\/#organization"},"potentialAction":[{"@type":"SearchAction","target":{"@type":"EntryPoint","urlTemplate":"https:\/\/konsum.ch\/de\/?s={search_term_string}"},"query-input":{"@type":"PropertyValueSpecification","valueRequired":true,"valueName":"search_term_string"}}],"inLanguage":"de"},{"@type":"Organization","@id":"https:\/\/konsum.ch\/de\/#organization","name":"Konsumentenforum kf","url":"https:\/\/konsum.ch\/de\/","logo":{"@type":"ImageObject","inLanguage":"de","@id":"https:\/\/konsum.ch\/de\/#\/schema\/logo\/image\/","url":"https:\/\/konsum.ch\/wp-content\/uploads\/2021\/04\/kf-Logo-NEU-ohneText-01.png","contentUrl":"https:\/\/konsum.ch\/wp-content\/uploads\/2021\/04\/kf-Logo-NEU-ohneText-01.png","width":1477,"height":1477,"caption":"Konsumentenforum kf"},"image":{"@id":"https:\/\/konsum.ch\/de\/#\/schema\/logo\/image\/"}}]}},"_links":{"self":[{"href":"https:\/\/konsum.ch\/de\/wp-json\/wp\/v2\/pages\/445","targetHints":{"allow":["GET"]}}],"collection":[{"href":"https:\/\/konsum.ch\/de\/wp-json\/wp\/v2\/pages"}],"about":[{"href":"https:\/\/konsum.ch\/de\/wp-json\/wp\/v2\/types\/page"}],"author":[{"embeddable":true,"href":"https:\/\/konsum.ch\/de\/wp-json\/wp\/v2\/users\/15"}],"replies":[{"embeddable":true,"href":"https:\/\/konsum.ch\/de\/wp-json\/wp\/v2\/comments?post=445"}],"version-history":[{"count":20,"href":"https:\/\/konsum.ch\/de\/wp-json\/wp\/v2\/pages\/445\/revisions"}],"predecessor-version":[{"id":116829,"href":"https:\/\/konsum.ch\/de\/wp-json\/wp\/v2\/pages\/445\/revisions\/116829"}],"wp:attachment":[{"href":"https:\/\/konsum.ch\/de\/wp-json\/wp\/v2\/media?parent=445"}],"curies":[{"name":"wp","href":"https:\/\/api.w.org\/{rel}","templated":true}]}}