{"id":403,"date":"2021-04-29T11:16:57","date_gmt":"2021-04-29T09:16:57","guid":{"rendered":"https:\/\/konsum.ch\/?page_id=403"},"modified":"2026-04-08T13:29:22","modified_gmt":"2026-04-08T11:29:22","slug":"ombudsstelle-textil","status":"publish","type":"page","link":"https:\/\/konsum.ch\/de\/ombudsstellen\/ombudsstelle-textil\/","title":{"rendered":"Ombudsstelle Textil"},"content":{"rendered":"<h1 class=\"av-special-heading-tag \">Ombudsstelle Textil PSE<\/h1>\n<p>Die Ombudsstelle Textil PSE ist f\u00fcr Beschwerden im Zusammenhang mit Sch\u00e4den und M\u00e4ngeln an Textilien zust\u00e4ndig, f\u00fcr die keine g\u00fctliche Einigung zwischen den betroffenen Parteien gefunden werden konnte.<\/p>\n","protected":false},"excerpt":{"rendered":"<p>Ombudsstelle Textil PSE Die Ombudsstelle Textil PSE ist f\u00fcr Beschwerden im Zusammenhang mit Sch\u00e4den und M\u00e4ngeln an Textilien zust\u00e4ndig, f\u00fcr die keine g\u00fctliche Einigung zwischen den betroffenen Parteien gefunden werden konnte.<\/p>\n","protected":false},"author":15,"featured_media":0,"parent":268,"menu_order":0,"comment_status":"closed","ping_status":"closed","template":"","meta":{"_acf_changed":false,"footnotes":""},"class_list":["post-403","page","type-page","status-publish","hentry"],"acf":[],"yoast_head":"<!-- This site is optimized with the Yoast SEO plugin v27.4 - https:\/\/yoast.com\/product\/yoast-seo-wordpress\/ -->\n<title>Ombudsstelle Textil &#8211; Konsumentenforum<\/title>\n<meta name=\"description\" content=\"Die Ombudsstelle Textil PSE ist f\u00fcr Beschwerden im Zusammenhang mit Sch\u00e4den und M\u00e4ngeln an Textilien zust\u00e4ndig, f\u00fcr die keine g\u00fctliche Einigung zwischen den betroffenen Parteien gefunden werden konnte.\" \/>\n<meta name=\"robots\" content=\"index, follow, max-snippet:-1, max-image-preview:large, max-video-preview:-1\" \/>\n<link rel=\"canonical\" href=\"https:\/\/konsum.ch\/de\/ombudsstellen\/ombudsstelle-textil\/\" \/>\n<meta property=\"og:locale\" content=\"de_DE\" \/>\n<meta property=\"og:type\" content=\"article\" \/>\n<meta property=\"og:title\" content=\"Ombudsstelle Textil &#8211; Konsumentenforum\" \/>\n<meta property=\"og:description\" content=\"Die Ombudsstelle Textil PSE ist f\u00fcr Beschwerden im Zusammenhang mit Sch\u00e4den und M\u00e4ngeln an Textilien zust\u00e4ndig, f\u00fcr die keine g\u00fctliche Einigung zwischen den betroffenen Parteien gefunden werden konnte.\" \/>\n<meta property=\"og:url\" content=\"https:\/\/konsum.ch\/de\/ombudsstellen\/ombudsstelle-textil\/\" \/>\n<meta property=\"og:site_name\" content=\"Konsumentenforum\" \/>\n<meta property=\"article:modified_time\" content=\"2026-04-08T11:29:22+00:00\" \/>\n<meta name=\"twitter:card\" content=\"summary_large_image\" \/>\n<meta name=\"twitter:label1\" content=\"Gesch\u00e4tzte Lesezeit\" \/>\n\t<meta name=\"twitter:data1\" content=\"3\u00a0Minuten\" \/>\n<script type=\"application\/ld+json\" class=\"yoast-schema-graph\">{\"@context\":\"https:\\\/\\\/schema.org\",\"@graph\":[{\"@type\":\"WebPage\",\"@id\":\"https:\\\/\\\/konsum.ch\\\/de\\\/ombudsstellen\\\/ombudsstelle-textil\\\/\",\"url\":\"https:\\\/\\\/konsum.ch\\\/de\\\/ombudsstellen\\\/ombudsstelle-textil\\\/\",\"name\":\"Ombudsstelle Textil &#8211; Konsumentenforum\",\"isPartOf\":{\"@id\":\"https:\\\/\\\/konsum.ch\\\/de\\\/#website\"},\"datePublished\":\"2021-04-29T09:16:57+00:00\",\"dateModified\":\"2026-04-08T11:29:22+00:00\",\"description\":\"Die Ombudsstelle Textil PSE ist f\u00fcr Beschwerden im Zusammenhang mit Sch\u00e4den und M\u00e4ngeln an Textilien zust\u00e4ndig, f\u00fcr die keine g\u00fctliche Einigung zwischen den betroffenen Parteien gefunden werden konnte.\",\"breadcrumb\":{\"@id\":\"https:\\\/\\\/konsum.ch\\\/de\\\/ombudsstellen\\\/ombudsstelle-textil\\\/#breadcrumb\"},\"inLanguage\":\"de\",\"potentialAction\":[{\"@type\":\"ReadAction\",\"target\":[\"https:\\\/\\\/konsum.ch\\\/de\\\/ombudsstellen\\\/ombudsstelle-textil\\\/\"]}]},{\"@type\":\"BreadcrumbList\",\"@id\":\"https:\\\/\\\/konsum.ch\\\/de\\\/ombudsstellen\\\/ombudsstelle-textil\\\/#breadcrumb\",\"itemListElement\":[{\"@type\":\"ListItem\",\"position\":1,\"name\":\"Startseite\",\"item\":\"https:\\\/\\\/konsum.ch\\\/de\\\/\"},{\"@type\":\"ListItem\",\"position\":2,\"name\":\"Ombudstellen\\\/Ombudsman\",\"item\":\"https:\\\/\\\/konsum.ch\\\/de\\\/ombudsstellen\\\/\"},{\"@type\":\"ListItem\",\"position\":3,\"name\":\"Ombudsstelle Textil\"}]},{\"@type\":\"WebSite\",\"@id\":\"https:\\\/\\\/konsum.ch\\\/de\\\/#website\",\"url\":\"https:\\\/\\\/konsum.ch\\\/de\\\/\",\"name\":\"Konsumentenforum\",\"description\":\"\",\"publisher\":{\"@id\":\"https:\\\/\\\/konsum.ch\\\/de\\\/#organization\"},\"potentialAction\":[{\"@type\":\"SearchAction\",\"target\":{\"@type\":\"EntryPoint\",\"urlTemplate\":\"https:\\\/\\\/konsum.ch\\\/de\\\/?s={search_term_string}\"},\"query-input\":{\"@type\":\"PropertyValueSpecification\",\"valueRequired\":true,\"valueName\":\"search_term_string\"}}],\"inLanguage\":\"de\"},{\"@type\":\"Organization\",\"@id\":\"https:\\\/\\\/konsum.ch\\\/de\\\/#organization\",\"name\":\"Konsumentenforum kf\",\"url\":\"https:\\\/\\\/konsum.ch\\\/de\\\/\",\"logo\":{\"@type\":\"ImageObject\",\"inLanguage\":\"de\",\"@id\":\"https:\\\/\\\/konsum.ch\\\/de\\\/#\\\/schema\\\/logo\\\/image\\\/\",\"url\":\"https:\\\/\\\/konsum.ch\\\/wp-content\\\/uploads\\\/2021\\\/04\\\/kf-Logo-NEU-ohneText-01.png\",\"contentUrl\":\"https:\\\/\\\/konsum.ch\\\/wp-content\\\/uploads\\\/2021\\\/04\\\/kf-Logo-NEU-ohneText-01.png\",\"width\":1477,\"height\":1477,\"caption\":\"Konsumentenforum kf\"},\"image\":{\"@id\":\"https:\\\/\\\/konsum.ch\\\/de\\\/#\\\/schema\\\/logo\\\/image\\\/\"}}]}<\/script>\n<!-- \/ Yoast SEO plugin. -->","yoast_head_json":{"title":"Ombudsstelle Textil &#8211; Konsumentenforum","description":"Die Ombudsstelle Textil PSE ist f\u00fcr Beschwerden im Zusammenhang mit Sch\u00e4den und M\u00e4ngeln an Textilien zust\u00e4ndig, f\u00fcr die keine g\u00fctliche Einigung zwischen den betroffenen Parteien gefunden werden konnte.","robots":{"index":"index","follow":"follow","max-snippet":"max-snippet:-1","max-image-preview":"max-image-preview:large","max-video-preview":"max-video-preview:-1"},"canonical":"https:\/\/konsum.ch\/de\/ombudsstellen\/ombudsstelle-textil\/","og_locale":"de_DE","og_type":"article","og_title":"Ombudsstelle Textil &#8211; Konsumentenforum","og_description":"Die Ombudsstelle Textil PSE ist f\u00fcr Beschwerden im Zusammenhang mit Sch\u00e4den und M\u00e4ngeln an Textilien zust\u00e4ndig, f\u00fcr die keine g\u00fctliche Einigung zwischen den betroffenen Parteien gefunden werden konnte.","og_url":"https:\/\/konsum.ch\/de\/ombudsstellen\/ombudsstelle-textil\/","og_site_name":"Konsumentenforum","article_modified_time":"2026-04-08T11:29:22+00:00","twitter_card":"summary_large_image","twitter_misc":{"Gesch\u00e4tzte Lesezeit":"3\u00a0Minuten"},"schema":{"@context":"https:\/\/schema.org","@graph":[{"@type":"WebPage","@id":"https:\/\/konsum.ch\/de\/ombudsstellen\/ombudsstelle-textil\/","url":"https:\/\/konsum.ch\/de\/ombudsstellen\/ombudsstelle-textil\/","name":"Ombudsstelle Textil &#8211; Konsumentenforum","isPartOf":{"@id":"https:\/\/konsum.ch\/de\/#website"},"datePublished":"2021-04-29T09:16:57+00:00","dateModified":"2026-04-08T11:29:22+00:00","description":"Die Ombudsstelle Textil PSE ist f\u00fcr Beschwerden im Zusammenhang mit Sch\u00e4den und M\u00e4ngeln an Textilien zust\u00e4ndig, f\u00fcr die keine g\u00fctliche Einigung zwischen den betroffenen Parteien gefunden werden konnte.","breadcrumb":{"@id":"https:\/\/konsum.ch\/de\/ombudsstellen\/ombudsstelle-textil\/#breadcrumb"},"inLanguage":"de","potentialAction":[{"@type":"ReadAction","target":["https:\/\/konsum.ch\/de\/ombudsstellen\/ombudsstelle-textil\/"]}]},{"@type":"BreadcrumbList","@id":"https:\/\/konsum.ch\/de\/ombudsstellen\/ombudsstelle-textil\/#breadcrumb","itemListElement":[{"@type":"ListItem","position":1,"name":"Startseite","item":"https:\/\/konsum.ch\/de\/"},{"@type":"ListItem","position":2,"name":"Ombudstellen\/Ombudsman","item":"https:\/\/konsum.ch\/de\/ombudsstellen\/"},{"@type":"ListItem","position":3,"name":"Ombudsstelle Textil"}]},{"@type":"WebSite","@id":"https:\/\/konsum.ch\/de\/#website","url":"https:\/\/konsum.ch\/de\/","name":"Konsumentenforum","description":"","publisher":{"@id":"https:\/\/konsum.ch\/de\/#organization"},"potentialAction":[{"@type":"SearchAction","target":{"@type":"EntryPoint","urlTemplate":"https:\/\/konsum.ch\/de\/?s={search_term_string}"},"query-input":{"@type":"PropertyValueSpecification","valueRequired":true,"valueName":"search_term_string"}}],"inLanguage":"de"},{"@type":"Organization","@id":"https:\/\/konsum.ch\/de\/#organization","name":"Konsumentenforum kf","url":"https:\/\/konsum.ch\/de\/","logo":{"@type":"ImageObject","inLanguage":"de","@id":"https:\/\/konsum.ch\/de\/#\/schema\/logo\/image\/","url":"https:\/\/konsum.ch\/wp-content\/uploads\/2021\/04\/kf-Logo-NEU-ohneText-01.png","contentUrl":"https:\/\/konsum.ch\/wp-content\/uploads\/2021\/04\/kf-Logo-NEU-ohneText-01.png","width":1477,"height":1477,"caption":"Konsumentenforum kf"},"image":{"@id":"https:\/\/konsum.ch\/de\/#\/schema\/logo\/image\/"}}]}},"_links":{"self":[{"href":"https:\/\/konsum.ch\/de\/wp-json\/wp\/v2\/pages\/403","targetHints":{"allow":["GET"]}}],"collection":[{"href":"https:\/\/konsum.ch\/de\/wp-json\/wp\/v2\/pages"}],"about":[{"href":"https:\/\/konsum.ch\/de\/wp-json\/wp\/v2\/types\/page"}],"author":[{"embeddable":true,"href":"https:\/\/konsum.ch\/de\/wp-json\/wp\/v2\/users\/15"}],"replies":[{"embeddable":true,"href":"https:\/\/konsum.ch\/de\/wp-json\/wp\/v2\/comments?post=403"}],"version-history":[{"count":76,"href":"https:\/\/konsum.ch\/de\/wp-json\/wp\/v2\/pages\/403\/revisions"}],"predecessor-version":[{"id":148279,"href":"https:\/\/konsum.ch\/de\/wp-json\/wp\/v2\/pages\/403\/revisions\/148279"}],"up":[{"embeddable":true,"href":"https:\/\/konsum.ch\/de\/wp-json\/wp\/v2\/pages\/268"}],"wp:attachment":[{"href":"https:\/\/konsum.ch\/de\/wp-json\/wp\/v2\/media?parent=403"}],"curies":[{"name":"wp","href":"https:\/\/api.w.org\/{rel}","templated":true}]}}