{"id":289,"date":"2021-04-16T16:42:03","date_gmt":"2021-04-16T14:42:03","guid":{"rendered":"https:\/\/konsum.ch\/?page_id=289"},"modified":"2026-03-25T09:21:11","modified_gmt":"2026-03-25T08:21:11","slug":"ueber-uns","status":"publish","type":"page","link":"https:\/\/konsum.ch\/de\/ueber-uns\/","title":{"rendered":"\u00dcber uns"},"content":{"rendered":"<h1>\u00dcber uns<\/h1>\n<p>Das Schweizerische Konsumentenforum kf ist die \u00e4lteste nationale Konsumentenorganisation. Seitdem das kf seine Arbeit im Jahr 1961 aufgenommen hat, steht es ein f\u00fcr Konsumentinnen und Konsumenten. Es zeichnet sich aus durch eine unvoreingenommene Haltung, Unabh\u00e4ngigkeit, demokratische Strukturen und eine breite Fachkompetenz. Probleme betrachten wir jeweils in ihrem Kontext, was uns zu einem differenzierten, konstruktiven L\u00f6sungsansatz f\u00fchrt. Davon profitieren Konsumenten, welche ihre Entscheidungsfreiheit sch\u00e4tzen und aufgrund sachlicher Informationen durch die Konsumgesellschaft navigieren.<\/p>\n<p>Unsere fundierte und zeitgem\u00e4sse Arbeits- und Kommunikationsweise macht uns zu einem respektierten Partner mit hoher Glaubw\u00fcrdigkeit. Stakeholder des Konsumentenforums kf sind neben den Konsumenten auch Medien, Verb\u00e4nde und Beh\u00f6rden, die Politik sowie die Anbieter am Markt.<\/p>\n<p>Im Verst\u00e4ndnis des Konsumentenforums kf bringt ein funktionierender Wettbewerb f\u00fcr Konsumenten sowohl vorteilhaftere Preise wie auch passende Angebote. Durch gesetzliche Regulierung sind einzig die Rahmenbedingungen festzulegen, nicht aber das Angebot. Wir sind \u00fcberzeugt davon, dass Information der allerbeste Schutz ist, den der anspruchsvolle Schweizer Konsumten braucht. Das Konsumentenforum kf macht sich stark f\u00fcr Konsumenten, respektiert deren Entscheidungsfreiheit und schafft Vertrauen durch sein Angebot.<\/p>\n","protected":false},"excerpt":{"rendered":"<p>\u00dcber uns Das Schweizerische Konsumentenforum kf ist die \u00e4lteste nationale Konsumentenorganisation. Seitdem das kf seine Arbeit im Jahr 1961 aufgenommen hat, steht es ein f\u00fcr Konsumentinnen und Konsumenten. Es zeichnet sich aus durch eine unvoreingenommene Haltung, Unabh\u00e4ngigkeit, demokratische Strukturen und eine breite Fachkompetenz. Probleme betrachten wir jeweils in ihrem Kontext, was uns zu einem differenzierten, [&hellip;]<\/p>\n","protected":false},"author":15,"featured_media":0,"parent":0,"menu_order":0,"comment_status":"closed","ping_status":"closed","template":"","meta":{"_acf_changed":false,"footnotes":""},"class_list":["post-289","page","type-page","status-publish","hentry"],"acf":[],"yoast_head":"<!-- This site is optimized with the Yoast SEO plugin v27.4 - https:\/\/yoast.com\/product\/yoast-seo-wordpress\/ -->\n<title>\u00dcber uns &#8211; Konsumentenforum<\/title>\n<meta name=\"robots\" content=\"index, follow, max-snippet:-1, max-image-preview:large, max-video-preview:-1\" \/>\n<link rel=\"canonical\" href=\"https:\/\/konsum.ch\/de\/ueber-uns\/\" \/>\n<meta property=\"og:locale\" content=\"de_DE\" \/>\n<meta property=\"og:type\" content=\"article\" \/>\n<meta property=\"og:title\" content=\"\u00dcber uns &#8211; Konsumentenforum\" \/>\n<meta property=\"og:description\" content=\"\u00dcber uns Das Schweizerische Konsumentenforum kf ist die \u00e4lteste nationale Konsumentenorganisation. Seitdem das kf seine Arbeit im Jahr 1961 aufgenommen hat, steht es ein f\u00fcr Konsumentinnen und Konsumenten. Es zeichnet sich aus durch eine unvoreingenommene Haltung, Unabh\u00e4ngigkeit, demokratische Strukturen und eine breite Fachkompetenz. Probleme betrachten wir jeweils in ihrem Kontext, was uns zu einem differenzierten, [&hellip;]\" \/>\n<meta property=\"og:url\" content=\"https:\/\/konsum.ch\/de\/ueber-uns\/\" \/>\n<meta property=\"og:site_name\" content=\"Konsumentenforum\" \/>\n<meta property=\"article:modified_time\" content=\"2026-03-25T08:21:11+00:00\" \/>\n<meta name=\"twitter:card\" content=\"summary_large_image\" \/>\n<meta name=\"twitter:label1\" content=\"Gesch\u00e4tzte Lesezeit\" \/>\n\t<meta name=\"twitter:data1\" content=\"3\u00a0Minuten\" \/>\n<script type=\"application\/ld+json\" class=\"yoast-schema-graph\">{\"@context\":\"https:\\\/\\\/schema.org\",\"@graph\":[{\"@type\":\"WebPage\",\"@id\":\"https:\\\/\\\/konsum.ch\\\/de\\\/ueber-uns\\\/\",\"url\":\"https:\\\/\\\/konsum.ch\\\/de\\\/ueber-uns\\\/\",\"name\":\"\u00dcber uns &#8211; Konsumentenforum\",\"isPartOf\":{\"@id\":\"https:\\\/\\\/konsum.ch\\\/de\\\/#website\"},\"datePublished\":\"2021-04-16T14:42:03+00:00\",\"dateModified\":\"2026-03-25T08:21:11+00:00\",\"breadcrumb\":{\"@id\":\"https:\\\/\\\/konsum.ch\\\/de\\\/ueber-uns\\\/#breadcrumb\"},\"inLanguage\":\"de\",\"potentialAction\":[{\"@type\":\"ReadAction\",\"target\":[\"https:\\\/\\\/konsum.ch\\\/de\\\/ueber-uns\\\/\"]}]},{\"@type\":\"BreadcrumbList\",\"@id\":\"https:\\\/\\\/konsum.ch\\\/de\\\/ueber-uns\\\/#breadcrumb\",\"itemListElement\":[{\"@type\":\"ListItem\",\"position\":1,\"name\":\"Startseite\",\"item\":\"https:\\\/\\\/konsum.ch\\\/de\\\/\"},{\"@type\":\"ListItem\",\"position\":2,\"name\":\"\u00dcber uns\"}]},{\"@type\":\"WebSite\",\"@id\":\"https:\\\/\\\/konsum.ch\\\/de\\\/#website\",\"url\":\"https:\\\/\\\/konsum.ch\\\/de\\\/\",\"name\":\"Konsumentenforum\",\"description\":\"\",\"publisher\":{\"@id\":\"https:\\\/\\\/konsum.ch\\\/de\\\/#organization\"},\"potentialAction\":[{\"@type\":\"SearchAction\",\"target\":{\"@type\":\"EntryPoint\",\"urlTemplate\":\"https:\\\/\\\/konsum.ch\\\/de\\\/?s={search_term_string}\"},\"query-input\":{\"@type\":\"PropertyValueSpecification\",\"valueRequired\":true,\"valueName\":\"search_term_string\"}}],\"inLanguage\":\"de\"},{\"@type\":\"Organization\",\"@id\":\"https:\\\/\\\/konsum.ch\\\/de\\\/#organization\",\"name\":\"Konsumentenforum kf\",\"url\":\"https:\\\/\\\/konsum.ch\\\/de\\\/\",\"logo\":{\"@type\":\"ImageObject\",\"inLanguage\":\"de\",\"@id\":\"https:\\\/\\\/konsum.ch\\\/de\\\/#\\\/schema\\\/logo\\\/image\\\/\",\"url\":\"https:\\\/\\\/konsum.ch\\\/wp-content\\\/uploads\\\/2021\\\/04\\\/kf-Logo-NEU-ohneText-01.png\",\"contentUrl\":\"https:\\\/\\\/konsum.ch\\\/wp-content\\\/uploads\\\/2021\\\/04\\\/kf-Logo-NEU-ohneText-01.png\",\"width\":1477,\"height\":1477,\"caption\":\"Konsumentenforum kf\"},\"image\":{\"@id\":\"https:\\\/\\\/konsum.ch\\\/de\\\/#\\\/schema\\\/logo\\\/image\\\/\"}}]}<\/script>\n<!-- \/ Yoast SEO plugin. -->","yoast_head_json":{"title":"\u00dcber uns &#8211; Konsumentenforum","robots":{"index":"index","follow":"follow","max-snippet":"max-snippet:-1","max-image-preview":"max-image-preview:large","max-video-preview":"max-video-preview:-1"},"canonical":"https:\/\/konsum.ch\/de\/ueber-uns\/","og_locale":"de_DE","og_type":"article","og_title":"\u00dcber uns &#8211; Konsumentenforum","og_description":"\u00dcber uns Das Schweizerische Konsumentenforum kf ist die \u00e4lteste nationale Konsumentenorganisation. Seitdem das kf seine Arbeit im Jahr 1961 aufgenommen hat, steht es ein f\u00fcr Konsumentinnen und Konsumenten. Es zeichnet sich aus durch eine unvoreingenommene Haltung, Unabh\u00e4ngigkeit, demokratische Strukturen und eine breite Fachkompetenz. Probleme betrachten wir jeweils in ihrem Kontext, was uns zu einem differenzierten, [&hellip;]","og_url":"https:\/\/konsum.ch\/de\/ueber-uns\/","og_site_name":"Konsumentenforum","article_modified_time":"2026-03-25T08:21:11+00:00","twitter_card":"summary_large_image","twitter_misc":{"Gesch\u00e4tzte Lesezeit":"3\u00a0Minuten"},"schema":{"@context":"https:\/\/schema.org","@graph":[{"@type":"WebPage","@id":"https:\/\/konsum.ch\/de\/ueber-uns\/","url":"https:\/\/konsum.ch\/de\/ueber-uns\/","name":"\u00dcber uns &#8211; Konsumentenforum","isPartOf":{"@id":"https:\/\/konsum.ch\/de\/#website"},"datePublished":"2021-04-16T14:42:03+00:00","dateModified":"2026-03-25T08:21:11+00:00","breadcrumb":{"@id":"https:\/\/konsum.ch\/de\/ueber-uns\/#breadcrumb"},"inLanguage":"de","potentialAction":[{"@type":"ReadAction","target":["https:\/\/konsum.ch\/de\/ueber-uns\/"]}]},{"@type":"BreadcrumbList","@id":"https:\/\/konsum.ch\/de\/ueber-uns\/#breadcrumb","itemListElement":[{"@type":"ListItem","position":1,"name":"Startseite","item":"https:\/\/konsum.ch\/de\/"},{"@type":"ListItem","position":2,"name":"\u00dcber uns"}]},{"@type":"WebSite","@id":"https:\/\/konsum.ch\/de\/#website","url":"https:\/\/konsum.ch\/de\/","name":"Konsumentenforum","description":"","publisher":{"@id":"https:\/\/konsum.ch\/de\/#organization"},"potentialAction":[{"@type":"SearchAction","target":{"@type":"EntryPoint","urlTemplate":"https:\/\/konsum.ch\/de\/?s={search_term_string}"},"query-input":{"@type":"PropertyValueSpecification","valueRequired":true,"valueName":"search_term_string"}}],"inLanguage":"de"},{"@type":"Organization","@id":"https:\/\/konsum.ch\/de\/#organization","name":"Konsumentenforum kf","url":"https:\/\/konsum.ch\/de\/","logo":{"@type":"ImageObject","inLanguage":"de","@id":"https:\/\/konsum.ch\/de\/#\/schema\/logo\/image\/","url":"https:\/\/konsum.ch\/wp-content\/uploads\/2021\/04\/kf-Logo-NEU-ohneText-01.png","contentUrl":"https:\/\/konsum.ch\/wp-content\/uploads\/2021\/04\/kf-Logo-NEU-ohneText-01.png","width":1477,"height":1477,"caption":"Konsumentenforum kf"},"image":{"@id":"https:\/\/konsum.ch\/de\/#\/schema\/logo\/image\/"}}]}},"_links":{"self":[{"href":"https:\/\/konsum.ch\/de\/wp-json\/wp\/v2\/pages\/289","targetHints":{"allow":["GET"]}}],"collection":[{"href":"https:\/\/konsum.ch\/de\/wp-json\/wp\/v2\/pages"}],"about":[{"href":"https:\/\/konsum.ch\/de\/wp-json\/wp\/v2\/types\/page"}],"author":[{"embeddable":true,"href":"https:\/\/konsum.ch\/de\/wp-json\/wp\/v2\/users\/15"}],"replies":[{"embeddable":true,"href":"https:\/\/konsum.ch\/de\/wp-json\/wp\/v2\/comments?post=289"}],"version-history":[{"count":65,"href":"https:\/\/konsum.ch\/de\/wp-json\/wp\/v2\/pages\/289\/revisions"}],"predecessor-version":[{"id":148110,"href":"https:\/\/konsum.ch\/de\/wp-json\/wp\/v2\/pages\/289\/revisions\/148110"}],"wp:attachment":[{"href":"https:\/\/konsum.ch\/de\/wp-json\/wp\/v2\/media?parent=289"}],"curies":[{"name":"wp","href":"https:\/\/api.w.org\/{rel}","templated":true}]}}